{"id":10,"date":"2015-04-20T11:09:33","date_gmt":"2015-04-20T09:09:33","guid":{"rendered":"http:\/\/mzbskarkonosze.pl\/?page_id=10"},"modified":"2022-12-12T10:36:18","modified_gmt":"2022-12-12T09:36:18","slug":"sklad-zarzadu","status":"publish","type":"page","link":"http:\/\/mzbskarkonosze.pl\/?page_id=10","title":{"rendered":"Sk\u0142ad Zarz\u0105du"},"content":{"rendered":"<p><strong>Prezes<\/strong><br \/>\n<em>Jerzy Zatylny &#8211; <a href=\"mailto:prokobud.jzatylny@wp.pl\">prokobud.jzatylny@wp.pl<\/a><\/em><\/p>\n<p><strong>Wiceprezes<\/strong><br \/>\n<em>Zbigniew Sk\u00f3recki &#8211; <a href=\"mailto:zbigskor52@gmail.com\" target=\"_blank\" rel=\"noopener\">zbigskor52@gmail.com<\/a><\/em><\/p>\n<p><strong>Sekretarz<br \/>\n<\/strong><em>Dorota Kwintkiewicz<\/em><em> &#8211; <a href=\"mailto:dorota@lo.boleslawiec.pl\" target=\"_blank\" rel=\"noopener\">dorota@lo.boleslawiec.pl<\/a><\/em><\/p>\n<p><strong>Skarbnik<\/strong><br \/>\n<em>Tadeusz Kowalik &#8211;<a href=\"mailto:t-kowalik@wp.pl\" target=\"_blank\" rel=\"noopener\"> t-kowalik@wp.pl<\/a><\/em><\/p>\n<p><strong>Komisja Rewizyjna:<\/strong><br \/>\n<em>Piotr Birowski &#8211; przewodnicz\u0105cy<br \/>\nSylwester Go\u0142dyn &#8211; cz\u0142onek<br \/>\nEdward Szafraniec &#8211; cz\u0142onek<br \/>\n<\/em><\/p>\n<div id=\"fb-root\"><\/div><script src=\"http:\/\/connect.facebook.net\/pl_PL\/all.js#xfbml=1\"><\/script><fb:like href=\"http:\/\/mzbskarkonosze.pl\/?page_id=10\" send=\"true\" layout=\"standard\" width=\"450\" show_faces=\"true\" font=\"arial\" action=\"like\" colorscheme=\"dark\"><\/fb:like>","protected":false},"excerpt":{"rendered":"<p>Prezes Jerzy Zatylny &#8211; prokobud.jzatylny@wp.pl Wiceprezes Zbigniew Sk\u00f3recki &#8211; zbigskor52@gmail.com Sekretarz Dorota Kwintkiewicz &#8211; dorota@lo.boleslawiec.pl Skarbnik Tadeusz Kowalik &#8211; t-kowalik@wp.pl Komisja Rewizyjna: Piotr Birowski &#8211; przewodnicz\u0105cy Sylwester Go\u0142dyn &#8211; cz\u0142onek Edward Szafraniec &#8211; cz\u0142onek<\/p>\n","protected":false},"author":2,"featured_media":0,"parent":0,"menu_order":0,"comment_status":"open","ping_status":"open","template":"","meta":[],"_links":{"self":[{"href":"http:\/\/mzbskarkonosze.pl\/index.php?rest_route=\/wp\/v2\/pages\/10"}],"collection":[{"href":"http:\/\/mzbskarkonosze.pl\/index.php?rest_route=\/wp\/v2\/pages"}],"about":[{"href":"http:\/\/mzbskarkonosze.pl\/index.php?rest_route=\/wp\/v2\/types\/page"}],"author":[{"embeddable":true,"href":"http:\/\/mzbskarkonosze.pl\/index.php?rest_route=\/wp\/v2\/users\/2"}],"replies":[{"embeddable":true,"href":"http:\/\/mzbskarkonosze.pl\/index.php?rest_route=%2Fwp%2Fv2%2Fcomments&post=10"}],"version-history":[{"count":17,"href":"http:\/\/mzbskarkonosze.pl\/index.php?rest_route=\/wp\/v2\/pages\/10\/revisions"}],"predecessor-version":[{"id":2659,"href":"http:\/\/mzbskarkonosze.pl\/index.php?rest_route=\/wp\/v2\/pages\/10\/revisions\/2659"}],"wp:attachment":[{"href":"http:\/\/mzbskarkonosze.pl\/index.php?rest_route=%2Fwp%2Fv2%2Fmedia&parent=10"}],"curies":[{"name":"wp","href":"https:\/\/api.w.org\/{rel}","templated":true}]}}