{"id":1126,"date":"2017-01-09T16:30:01","date_gmt":"2017-01-09T15:30:01","guid":{"rendered":"http:\/\/mzbskarkonosze.pl\/?page_id=1126"},"modified":"2018-12-06T22:17:17","modified_gmt":"2018-12-06T21:17:17","slug":"km-mzbs-karknosze-2017","status":"publish","type":"page","link":"http:\/\/mzbskarkonosze.pl\/?page_id=1126","title":{"rendered":"KM MZBS Karkonosze 2017"},"content":{"rendered":"<div align=\"center\">\n<table id=\"AutoNumber2\" style=\"height: 163px;\" border=\"0\" width=\"481\" cellpadding=\"2\">\n<tbody>\n<tr>\n<td align=\"center\" width=\"26%\" height=\"40\">\n<p align=\"center\"><span style=\"font-size: x-large;\"><a href=\"wyniki\/kmmzbs\/2017\/2017.html\" target=\"_blank\" rel=\"noopener noreferrer\"><span style=\"font-size: 12pt;\">klasyfikacja \u0142\u0105czna 2017<\/span><\/a><\/span><\/p>\n<\/td>\n<td align=\"center\" width=\"22%\" height=\"40\"><a href=\"http:\/\/mzbskarkonosze.pl\/wyniki\/kmmzbs\/2017\/final\/W-kmmzbs2017.html\" target=\"_blank\" rel=\"noopener\"><span style=\"font-size: 14pt;\">Wyniku fina\u0142u<\/span> <\/a><\/td>\n<td align=\"center\" width=\"24%\" height=\"40\">\n<p align=\"center\"><a href=\"wyniki\/kmmzbs\/2017\/regulamin2017.pdf\" target=\"_blank\" rel=\"noopener noreferrer\">Regulamin KM MZBS 2017<\/a><\/p>\n<\/td>\n<\/tr>\n<tr>\n<td align=\"center\" width=\"26%\"><a href=\"http:\/\/r.bridgespider.com\/11869\/\" target=\"_blank\" rel=\"noopener\">20 listopad<\/a><\/td>\n<td align=\"center\" width=\"22%\">\u00a0<a href=\"wyniki\/kmmzbs\/2017\/kark1711.pdf\" target=\"_blank\" rel=\"noopener noreferrer\">analiza 1711<\/a><\/td>\n<td align=\"center\" width=\"24%\"><a href=\"wyniki\/kmmzbs\/2017\/STA1711.TXT\" target=\"_blank\" rel=\"noopener noreferrer\">statystyka 1711<\/a><\/td>\n<\/tr>\n<tr>\n<td align=\"center\" width=\"26%\"><a href=\"http:\/\/r.bridgespider.com\/11868\/\" target=\"_blank\" rel=\"noopener\">23 pa\u017adziernik<\/a><\/td>\n<td align=\"center\" width=\"22%\"><a href=\"wyniki\/kmmzbs\/2017\/kark1710.pdf\" target=\"_blank\" rel=\"noopener noreferrer\">analiza 1710<\/a><\/td>\n<td align=\"center\" width=\"24%\"><a href=\"wyniki\/kmmzbs\/2017\/STA1710.TXT\" target=\"_blank\" rel=\"noopener noreferrer\">statystyka 1710<\/a><\/td>\n<\/tr>\n<tr>\n<td align=\"center\" width=\"26%\"><a href=\"http:\/\/r.bridgespider.com\/11867\/\" target=\"_blank\" rel=\"noopener noreferrer\">25 wrzesie\u0144<\/a><\/td>\n<td align=\"center\" width=\"22%\"><a href=\"wyniki\/kmmzbs\/2017\/kark1709.pdf\" target=\"_blank\" rel=\"noopener noreferrer\">analiza 1709<\/a><\/td>\n<td align=\"center\" width=\"24%\"><a href=\"wyniki\/kmmzbs\/2017\/STA1709.TXT\" target=\"_blank\" rel=\"noopener noreferrer\">statystyka 1709<\/a><\/td>\n<\/tr>\n<tr>\n<td align=\"center\" width=\"26%\"><a href=\"http:\/\/r.bridgespider.com\/11866\/\" target=\"_blank\" rel=\"noopener noreferrer\">28 sierpie\u0144<\/a><\/td>\n<td align=\"center\" width=\"22%\"><a href=\"wyniki\/kmmzbs\/2017\/kark1708.pdf\" target=\"_blank\" rel=\"noopener noreferrer\">analiza 1708<\/a><\/td>\n<td align=\"center\" width=\"24%\"><a href=\"wyniki\/kmmzbs\/2017\/STA1708.TXT\" target=\"_blank\" rel=\"noopener noreferrer\">statystyka 1708<\/a><\/td>\n<\/tr>\n<tr>\n<td align=\"center\" width=\"26%\"><a href=\"http:\/\/r.bridgespider.com\/11865\/\" target=\"_blank\" rel=\"noopener noreferrer\">26 czerwiec<\/a><\/td>\n<td align=\"center\" width=\"22%\"><a href=\"wyniki\/kmmzbs\/2017\/kark1706.pdf\" target=\"_blank\" rel=\"noopener noreferrer\">analiza 1706<\/a><\/td>\n<td align=\"center\" width=\"24%\"><a href=\"wyniki\/kmmzbs\/2017\/STA1706.TXT\" target=\"_blank\" rel=\"noopener noreferrer\">statystyka 1706<\/a><\/td>\n<\/tr>\n<tr>\n<td align=\"center\" width=\"26%\"><a href=\"http:\/\/r.bridgespider.com\/11862\/\" target=\"_blank\" rel=\"noopener noreferrer\">22 maj<\/a><\/td>\n<td align=\"center\" width=\"22%\"><a href=\"wyniki\/kmmzbs\/2017\/kark1705.pdf\" target=\"_blank\" rel=\"noopener noreferrer\">analiza 1705<\/a><\/td>\n<td align=\"center\" width=\"24%\"><a href=\"wyniki\/kmmzbs\/2017\/STA1705.TXT\" target=\"_blank\" rel=\"noopener noreferrer\">statystyka 1705<\/a><\/td>\n<\/tr>\n<tr>\n<td align=\"center\" width=\"26%\"><a href=\"http:\/\/r.bridgespider.com\/11499\/\" target=\"_blank\" rel=\"noopener noreferrer\">24 kwiecie\u0144<\/a><\/td>\n<td align=\"center\" width=\"22%\"><a href=\"wyniki\/kmmzbs\/2017\/kark1704.pdf\" target=\"_blank\" rel=\"noopener noreferrer\">analiza 1704<\/a><\/td>\n<td align=\"center\" width=\"24%\"><a href=\"wyniki\/kmmzbs\/2017\/STA1704.TXT\" target=\"_blank\" rel=\"noopener noreferrer\">statystyka 1704<\/a><\/td>\n<\/tr>\n<tr>\n<td align=\"center\" width=\"26%\"><a href=\"http:\/\/r.bridgespider.com\/11289\/\" target=\"_blank\" rel=\"noopener noreferrer\">27 marzec<\/a><\/td>\n<td align=\"center\" width=\"22%\"><a href=\"wyniki\/kmmzbs\/2017\/kark1703.pdf\" target=\"_blank\" rel=\"noopener noreferrer\">analiza 1703<\/a><\/td>\n<td align=\"center\" width=\"24%\"><a href=\"wyniki\/kmmzbs\/2017\/STA1703.TXT\" target=\"_blank\" rel=\"noopener noreferrer\">statystyka 1703<\/a><\/td>\n<\/tr>\n<tr>\n<td align=\"center\" width=\"26%\"><a href=\"http:\/\/r.bridgespider.com\/10924\/\" target=\"_blank\" rel=\"noopener noreferrer\">27 luty<\/a><\/td>\n<td align=\"center\" width=\"22%\"><a href=\"wyniki\/kmmzbs\/2017\/kark1702.pdf\" target=\"_blank\" rel=\"noopener noreferrer\">analiza 1702<\/a><\/td>\n<td align=\"center\" width=\"24%\"><a href=\"wyniki\/kmmzbs\/2017\/STA1702.TXT\" target=\"_blank\" rel=\"noopener noreferrer\">statystyka 1702<\/a><\/td>\n<\/tr>\n<tr>\n<td align=\"center\" width=\"26%\"><a href=\"http:\/\/r.bridgespider.com\/10637\/\">23 stycze\u0144<\/a><\/td>\n<td align=\"center\" width=\"22%\"><a href=\"wyniki\/kmmzbs\/2017\/kark1701.pdf\" target=\"_blank\" rel=\"noopener noreferrer\">analiza 1701<\/a><\/td>\n<td align=\"center\" width=\"24%\"><a href=\"wyniki\/kmmzbs\/2017\/STA1701.TXT\" target=\"_blank\" rel=\"noopener noreferrer\">statystyka 1701<\/a><\/td>\n<\/tr>\n<\/tbody>\n<\/table>\n<\/div>\n<div id=\"fb-root\"><\/div><script src=\"http:\/\/connect.facebook.net\/pl_PL\/all.js#xfbml=1\"><\/script><fb:like href=\"http:\/\/mzbskarkonosze.pl\/?page_id=1126\" send=\"true\" layout=\"standard\" width=\"450\" show_faces=\"true\" font=\"arial\" action=\"like\" colorscheme=\"dark\"><\/fb:like>","protected":false},"excerpt":{"rendered":"<p>klasyfikacja \u0142\u0105czna 2017 Wyniku fina\u0142u Regulamin KM MZBS 2017 20 listopad \u00a0analiza 1711 statystyka 1711 23 pa\u017adziernik analiza 1710 statystyka 1710 25 wrzesie\u0144 analiza 1709 statystyka 1709 28 sierpie\u0144 analiza 1708 statystyka 1708 26 czerwiec analiza 1706 statystyka 1706 22 maj analiza 1705 statystyka 1705 24 kwiecie\u0144 analiza 1704 statystyka 1704 27 marzec analiza 1703 &hellip; <a href=\"http:\/\/mzbskarkonosze.pl\/?page_id=1126\" class=\"more-link\">Czytaj dalej <span class=\"screen-reader-text\">KM MZBS Karkonosze 2017<\/span> <span class=\"meta-nav\">&rarr;<\/span><\/a><\/p>\n","protected":false},"author":2,"featured_media":0,"parent":0,"menu_order":0,"comment_status":"closed","ping_status":"closed","template":"","meta":[],"_links":{"self":[{"href":"http:\/\/mzbskarkonosze.pl\/index.php?rest_route=\/wp\/v2\/pages\/1126"}],"collection":[{"href":"http:\/\/mzbskarkonosze.pl\/index.php?rest_route=\/wp\/v2\/pages"}],"about":[{"href":"http:\/\/mzbskarkonosze.pl\/index.php?rest_route=\/wp\/v2\/types\/page"}],"author":[{"embeddable":true,"href":"http:\/\/mzbskarkonosze.pl\/index.php?rest_route=\/wp\/v2\/users\/2"}],"replies":[{"embeddable":true,"href":"http:\/\/mzbskarkonosze.pl\/index.php?rest_route=%2Fwp%2Fv2%2Fcomments&post=1126"}],"version-history":[{"count":16,"href":"http:\/\/mzbskarkonosze.pl\/index.php?rest_route=\/wp\/v2\/pages\/1126\/revisions"}],"predecessor-version":[{"id":1973,"href":"http:\/\/mzbskarkonosze.pl\/index.php?rest_route=\/wp\/v2\/pages\/1126\/revisions\/1973"}],"wp:attachment":[{"href":"http:\/\/mzbskarkonosze.pl\/index.php?rest_route=%2Fwp%2Fv2%2Fmedia&parent=1126"}],"curies":[{"name":"wp","href":"https:\/\/api.w.org\/{rel}","templated":true}]}}