{"id":1149,"date":"2017-01-29T14:51:19","date_gmt":"2017-01-29T13:51:19","guid":{"rendered":"http:\/\/mzbskarkonosze.pl\/?page_id=1149"},"modified":"2017-01-29T16:48:47","modified_gmt":"2017-01-29T15:48:47","slug":"mlodziez-z-mzbs-karkonosze-w-mdsms-20162017","status":"publish","type":"page","link":"http:\/\/mzbskarkonosze.pl\/?page_id=1149","title":{"rendered":"M\u0142odzie\u017c z MZBS Karkonosze w MD\u015aMS 2016\/2017"},"content":{"rendered":"<table width=\"410\">\n<tbody>\n<tr>\n<td width=\"24\">Nr.<\/td>\n<td width=\"80\">Nazwisko<\/td>\n<td width=\"68\">Imi\u0119<\/td>\n<td width=\"37\">ID<\/td>\n<td width=\"102\">Szko\u0142a<\/td>\n<td width=\"99\">Klub<\/td>\n<\/tr>\n<tr>\n<td>3<\/td>\n<td>Pigulski<\/td>\n<td>Adam<\/td>\n<td>16585<\/td>\n<td>Gimnazjum w Mi\u0142kowicach<\/td>\n<td>BKB Boles\u0142awiec<\/td>\n<\/tr>\n<tr>\n<td>4<\/td>\n<td>Racewicz<\/td>\n<td>Maciej<\/td>\n<td>16586<\/td>\n<td>Gimnazjum w Mi\u0142kowicach<\/td>\n<td>BKB Boles\u0142awiec<\/td>\n<\/tr>\n<tr>\n<td>20<\/td>\n<td>Bukat<\/td>\n<td>Aleks<\/td>\n<td>18284<\/td>\n<td>SP 1 Szklarska Por\u0119ba<\/td>\n<td>KLS Piechowice<\/td>\n<\/tr>\n<tr>\n<td>25<\/td>\n<td>Jakie\u0142a<\/td>\n<td>Katarzyna<\/td>\n<td>18067<\/td>\n<td>I LO Boles\u0142awiec<\/td>\n<td>BKB Boles\u0142awiec<\/td>\n<\/tr>\n<tr>\n<td>26<\/td>\n<td>My\u015bliwiec<\/td>\n<td>Alicja<\/td>\n<td>17834<\/td>\n<td>I LO Boles\u0142awiec<\/td>\n<td>BKB Boles\u0142awiec<\/td>\n<\/tr>\n<tr>\n<td>29<\/td>\n<td>Potapczyk<\/td>\n<td>Wojciech<\/td>\n<td>17386<\/td>\n<td>SP 1 Szklarska Por\u0119ba<\/td>\n<td>KLS Piechowice<\/td>\n<\/tr>\n<tr>\n<td>30<\/td>\n<td>Czerkawski<\/td>\n<td>Gordian<\/td>\n<td>16333<\/td>\n<td>I LO w Boles\u0142awcu<\/td>\n<td>BKB Boles\u0142awiec<\/td>\n<\/tr>\n<tr>\n<td>31<\/td>\n<td>Grabarz<\/td>\n<td>Szymon<\/td>\n<td>16334<\/td>\n<td>ZSE w Boles\u0142awcu<\/td>\n<td>BKB Boles\u0142awiec<\/td>\n<\/tr>\n<tr>\n<td>33<\/td>\n<td>Dudziak<\/td>\n<td>Jakub<\/td>\n<td>17560<\/td>\n<td>I PG w Boles\u0142awcu<\/td>\n<td>BKB Boles\u0142awiec<\/td>\n<\/tr>\n<tr>\n<td>34<\/td>\n<td>Jab\u0142o\u0144ski<\/td>\n<td>Tomasz<\/td>\n<td>17826<\/td>\n<td>SP 1 Piechowice<\/td>\n<td>KLS Piechowice<\/td>\n<\/tr>\n<tr>\n<td>35<\/td>\n<td>Midera<\/td>\n<td>Julia<\/td>\n<td>17833<\/td>\n<td>GS nr 1 w Boles\u0142awcu<\/td>\n<td>BKB Boles\u0142awiec<\/td>\n<\/tr>\n<tr>\n<td>40<\/td>\n<td>\u017bwirko<\/td>\n<td>Karolina<\/td>\n<td>18293<\/td>\n<td>Gimnazjum w Piechowicach<\/td>\n<td>KLS Piechowice<\/td>\n<\/tr>\n<tr>\n<td>42<\/td>\n<td>W\u0105siewski<\/td>\n<td>Tymoteusz<\/td>\n<td>16977<\/td>\n<td>SP 1 Piechowice<\/td>\n<td>KLS Piechowice<\/td>\n<\/tr>\n<tr>\n<td>47<\/td>\n<td>Macio\u0142<\/td>\n<td>Bartosz<\/td>\n<td>17832<\/td>\n<td>II LO Boles\u0142awiec<\/td>\n<td>BKB Boles\u0142awiec<\/td>\n<\/tr>\n<tr>\n<td>50<\/td>\n<td>Kilijanek<\/td>\n<td>Oskar<\/td>\n<td><\/td>\n<td>ZSzSp Jelenia G\u00f3ra<\/td>\n<td><\/td>\n<\/tr>\n<tr>\n<td>51<\/td>\n<td>Ku\u0142acz<\/td>\n<td>Micha\u0142<\/td>\n<td><\/td>\n<td>ZSzSp Jelenia G\u00f3ra<\/td>\n<td><\/td>\n<\/tr>\n<tr>\n<td>62<\/td>\n<td>P\u0142awiak<\/td>\n<td>Grzegorz<\/td>\n<td>18097<\/td>\n<td>SP 4 Boles\u0142awiec<\/td>\n<td>BKB Boles\u0142awiec<\/td>\n<\/tr>\n<tr>\n<td>64<\/td>\n<td>Paliga<\/td>\n<td>Piotr<\/td>\n<td>18280<\/td>\n<td><\/td>\n<td>BKB Boles\u0142awiec<\/td>\n<\/tr>\n<tr>\n<td>65<\/td>\n<td>Jab\u0142o\u0144ska<\/td>\n<td>Wiktoria<\/td>\n<td>18287<\/td>\n<td>SP 1 Piechowice<\/td>\n<td>KLS Piechowice<\/td>\n<\/tr>\n<tr>\n<td>66<\/td>\n<td>Prani\u0107<\/td>\n<td>Tomislav<\/td>\n<td>18179<\/td>\n<td>II LO Boles\u0142awiec<\/td>\n<td>BKB Boles\u0142awiec<\/td>\n<\/tr>\n<tr>\n<td>67<\/td>\n<td>Wodyk<\/td>\n<td>Karolina<\/td>\n<td><\/td>\n<td>SP 1 Piechowice<\/td>\n<td>NZ<\/td>\n<\/tr>\n<tr>\n<td>69<\/td>\n<td>Kozio\u0142<\/td>\n<td>Karol<\/td>\n<td>18278<\/td>\n<td><\/td>\n<td>BKB Boles\u0142awiec<\/td>\n<\/tr>\n<tr>\n<td>70<\/td>\n<td>Patreucha<\/td>\n<td>Pawe\u0142<\/td>\n<td>17563<\/td>\n<td>Gimn. Pijar\u00f3w w Boles\u0142awcu<\/td>\n<td>BKB Boles\u0142awiec<\/td>\n<\/tr>\n<tr>\n<td>71<\/td>\n<td>Stempak<\/td>\n<td>Micha\u0142<\/td>\n<td>17564<\/td>\n<td>GS nr 1 w Boles\u0142awcu<\/td>\n<td>BKB Boles\u0142awiec<\/td>\n<\/tr>\n<tr>\n<td>74<\/td>\n<td>Graczykowski<\/td>\n<td>\u0141ukasz<\/td>\n<td>15978<\/td>\n<td>SP 1 Piechowice<\/td>\n<td>KLS Piechowice<\/td>\n<\/tr>\n<tr>\n<td>75<\/td>\n<td>\u017bwirko<\/td>\n<td>Wiktoria<\/td>\n<td>17385<\/td>\n<td>SP 1 Piechowice<\/td>\n<td>KLS Piechowice<\/td>\n<\/tr>\n<tr>\n<td>77<\/td>\n<td>Figu\u0142a<\/td>\n<td>Tymoteusz<\/td>\n<td>17825<\/td>\n<td>SP 6 Cieplice<\/td>\n<td>KLS Piechowice<\/td>\n<\/tr>\n<tr>\n<td>79<\/td>\n<td>P\u0142ocica<\/td>\n<td>Wiktoria<\/td>\n<td>17385<\/td>\n<td>SP 1 Piechowice<\/td>\n<td>KLS Piechowice<\/td>\n<\/tr>\n<tr>\n<td>83<\/td>\n<td>Janowski<\/td>\n<td>Aleksander<\/td>\n<td>17830<\/td>\n<td>II LO Boles\u0142awiec<\/td>\n<td>BKB Boles\u0142awiec<\/td>\n<\/tr>\n<tr>\n<td>86<\/td>\n<td>Klimiuk<\/td>\n<td>Patryk<\/td>\n<td>18288<\/td>\n<td>MOS Jelenia G\u00f3ra<\/td>\n<td>KLS Piechowice<\/td>\n<\/tr>\n<tr>\n<td>87<\/td>\n<td>Kudlerek<\/td>\n<td>David<\/td>\n<td>18291<\/td>\n<td>MOS Jelenia G\u00f3ra<\/td>\n<td>KLS Piechowice<\/td>\n<\/tr>\n<\/tbody>\n<\/table>\n<p>&nbsp;<\/p>\n<div id=\"fb-root\"><\/div><script src=\"http:\/\/connect.facebook.net\/pl_PL\/all.js#xfbml=1\"><\/script><fb:like href=\"http:\/\/mzbskarkonosze.pl\/?page_id=1149\" send=\"true\" layout=\"standard\" width=\"450\" show_faces=\"true\" font=\"arial\" action=\"like\" colorscheme=\"dark\"><\/fb:like>","protected":false},"excerpt":{"rendered":"<p>Nr. Nazwisko Imi\u0119 ID Szko\u0142a Klub 3 Pigulski Adam 16585 Gimnazjum w Mi\u0142kowicach BKB Boles\u0142awiec 4 Racewicz Maciej 16586 Gimnazjum w Mi\u0142kowicach BKB Boles\u0142awiec 20 Bukat Aleks 18284 SP 1 Szklarska Por\u0119ba KLS Piechowice 25 Jakie\u0142a Katarzyna 18067 I LO Boles\u0142awiec BKB Boles\u0142awiec 26 My\u015bliwiec Alicja 17834 I LO Boles\u0142awiec BKB Boles\u0142awiec 29 Potapczyk Wojciech &hellip; <a href=\"http:\/\/mzbskarkonosze.pl\/?page_id=1149\" class=\"more-link\">Czytaj dalej <span class=\"screen-reader-text\">M\u0142odzie\u017c z MZBS Karkonosze w MD\u015aMS 2016\/2017<\/span> <span class=\"meta-nav\">&rarr;<\/span><\/a><\/p>\n","protected":false},"author":2,"featured_media":0,"parent":0,"menu_order":0,"comment_status":"closed","ping_status":"closed","template":"","meta":[],"_links":{"self":[{"href":"http:\/\/mzbskarkonosze.pl\/index.php?rest_route=\/wp\/v2\/pages\/1149"}],"collection":[{"href":"http:\/\/mzbskarkonosze.pl\/index.php?rest_route=\/wp\/v2\/pages"}],"about":[{"href":"http:\/\/mzbskarkonosze.pl\/index.php?rest_route=\/wp\/v2\/types\/page"}],"author":[{"embeddable":true,"href":"http:\/\/mzbskarkonosze.pl\/index.php?rest_route=\/wp\/v2\/users\/2"}],"replies":[{"embeddable":true,"href":"http:\/\/mzbskarkonosze.pl\/index.php?rest_route=%2Fwp%2Fv2%2Fcomments&post=1149"}],"version-history":[{"count":5,"href":"http:\/\/mzbskarkonosze.pl\/index.php?rest_route=\/wp\/v2\/pages\/1149\/revisions"}],"predecessor-version":[{"id":1160,"href":"http:\/\/mzbskarkonosze.pl\/index.php?rest_route=\/wp\/v2\/pages\/1149\/revisions\/1160"}],"wp:attachment":[{"href":"http:\/\/mzbskarkonosze.pl\/index.php?rest_route=%2Fwp%2Fv2%2Fmedia&parent=1149"}],"curies":[{"name":"wp","href":"https:\/\/api.w.org\/{rel}","templated":true}]}}