{"id":1258,"date":"2017-03-22T15:38:13","date_gmt":"2017-03-22T14:38:13","guid":{"rendered":"http:\/\/mzbskarkonosze.pl\/?page_id=1258"},"modified":"2017-03-22T15:38:13","modified_gmt":"2017-03-22T14:38:13","slug":"mlodziez-bkb-boleslawiec","status":"publish","type":"page","link":"http:\/\/mzbskarkonosze.pl\/?page_id=1258","title":{"rendered":"M\u0142odzie\u017c BKB Boles\u0142awiec"},"content":{"rendered":"<table width=\"300\">\n<tbody>\n<tr>\n<td width=\"56\">\n<h6>PID<\/h6>\n<\/td>\n<td width=\"87\">\n<h6>IMIE<\/h6>\n<\/td>\n<td width=\"84\">\n<h6>NAZWISKO<\/h6>\n<\/td>\n<td width=\"32\">\n<h6>WK<\/h6>\n<\/td>\n<td width=\"41\">\n<h6>INFO<\/h6>\n<\/td>\n<\/tr>\n<tr>\n<td>16333<\/td>\n<td>Gordian<\/td>\n<td>Czerkawski<\/td>\n<td>0<\/td>\n<td>J<\/td>\n<\/tr>\n<tr>\n<td>17560<\/td>\n<td>Jakub<\/td>\n<td>Dudziak<\/td>\n<td>0<\/td>\n<td>M<\/td>\n<\/tr>\n<tr>\n<td>16334<\/td>\n<td>Szymon<\/td>\n<td>Grabarz<\/td>\n<td>0<\/td>\n<td>J<\/td>\n<\/tr>\n<tr>\n<td>18067<\/td>\n<td>Katarzyna<\/td>\n<td>Jakie\u0142a<\/td>\n<td>0.5<\/td>\n<td>KJ<\/td>\n<\/tr>\n<tr>\n<td>17830<\/td>\n<td>Alekasander<\/td>\n<td>Janowski<\/td>\n<td>0<\/td>\n<td>J<\/td>\n<\/tr>\n<tr>\n<td>18688<\/td>\n<td>Micha\u0142<\/td>\n<td>J\u00f3zk\u00f3w<\/td>\n<td>0<\/td>\n<td>J<\/td>\n<\/tr>\n<tr>\n<td>18278<\/td>\n<td>Karol<\/td>\n<td>Kozio\u0142<\/td>\n<td>0<\/td>\n<td>J<\/td>\n<\/tr>\n<tr>\n<td>18279<\/td>\n<td>Antoni<\/td>\n<td>Le\u015bniewski<\/td>\n<td>0<\/td>\n<td>M<\/td>\n<\/tr>\n<tr>\n<td>17832<\/td>\n<td>Bartosz<\/td>\n<td>Macio\u0142<\/td>\n<td>0.5<\/td>\n<td>J<\/td>\n<\/tr>\n<tr>\n<td>17833<\/td>\n<td>Julia<\/td>\n<td>Midera<\/td>\n<td>0.5<\/td>\n<td>KJ<\/td>\n<\/tr>\n<tr>\n<td>12871<\/td>\n<td>Rafa\u0142<\/td>\n<td>Molenda<\/td>\n<td>2.5<\/td>\n<td>J<\/td>\n<\/tr>\n<tr>\n<td>17834<\/td>\n<td>Alicja<\/td>\n<td>My\u015bliwiec<\/td>\n<td>0.5<\/td>\n<td>KJ<\/td>\n<\/tr>\n<tr>\n<td>18280<\/td>\n<td>Piotr<\/td>\n<td>Paliga<\/td>\n<td>0<\/td>\n<td>J<\/td>\n<\/tr>\n<tr>\n<td>17563<\/td>\n<td>Pawe\u0142<\/td>\n<td>Patreucha<\/td>\n<td>0<\/td>\n<td>J<\/td>\n<\/tr>\n<tr>\n<td>14782<\/td>\n<td>Jakub<\/td>\n<td>Patreuha<\/td>\n<td>3<\/td>\n<td>J<\/td>\n<\/tr>\n<tr>\n<td>14783<\/td>\n<td>Patryk<\/td>\n<td>Patreuha<\/td>\n<td>3<\/td>\n<td>J<\/td>\n<\/tr>\n<tr>\n<td>16585<\/td>\n<td>Adam<\/td>\n<td>Pigulski<\/td>\n<td>2<\/td>\n<td>M<\/td>\n<\/tr>\n<tr>\n<td>18097<\/td>\n<td>Grzegorz<\/td>\n<td>P\u0142awiak<\/td>\n<td>0<\/td>\n<td>M<\/td>\n<\/tr>\n<tr>\n<td>18179<\/td>\n<td>Tomislav<\/td>\n<td>Prani\u0107<\/td>\n<td>0<\/td>\n<td>J<\/td>\n<\/tr>\n<tr>\n<td>16586<\/td>\n<td>Maciej<\/td>\n<td>Racewicz<\/td>\n<td>2<\/td>\n<td>M<\/td>\n<\/tr>\n<tr>\n<td>18281<\/td>\n<td>Weronika<\/td>\n<td>Sk\u00f3ra<\/td>\n<td>0<\/td>\n<td>KM<\/td>\n<\/tr>\n<tr>\n<td>18282<\/td>\n<td>Miko\u0142aj<\/td>\n<td>Stach\u00f3w<\/td>\n<td>0<\/td>\n<td>M<\/td>\n<\/tr>\n<tr>\n<td>18283<\/td>\n<td>Paulina<\/td>\n<td>Stach\u00f3w<\/td>\n<td>0<\/td>\n<td>KM<\/td>\n<\/tr>\n<tr>\n<td>17564<\/td>\n<td>Micha\u0142<\/td>\n<td>Stempak<\/td>\n<td>0<\/td>\n<td>J<\/td>\n<\/tr>\n<\/tbody>\n<\/table>\n<p>&nbsp;<\/p>\n<div id=\"fb-root\"><\/div><script src=\"http:\/\/connect.facebook.net\/pl_PL\/all.js#xfbml=1\"><\/script><fb:like href=\"http:\/\/mzbskarkonosze.pl\/?page_id=1258\" send=\"true\" layout=\"standard\" width=\"450\" show_faces=\"true\" font=\"arial\" action=\"like\" colorscheme=\"dark\"><\/fb:like>","protected":false},"excerpt":{"rendered":"<p>PID IMIE NAZWISKO WK INFO 16333 Gordian Czerkawski 0 J 17560 Jakub Dudziak 0 M 16334 Szymon Grabarz 0 J 18067 Katarzyna Jakie\u0142a 0.5 KJ 17830 Alekasander Janowski 0 J 18688 Micha\u0142 J\u00f3zk\u00f3w 0 J 18278 Karol Kozio\u0142 0 J 18279 Antoni Le\u015bniewski 0 M 17832 Bartosz Macio\u0142 0.5 J 17833 Julia Midera 0.5 KJ &hellip; <a href=\"http:\/\/mzbskarkonosze.pl\/?page_id=1258\" class=\"more-link\">Czytaj dalej <span class=\"screen-reader-text\">M\u0142odzie\u017c BKB Boles\u0142awiec<\/span> <span class=\"meta-nav\">&rarr;<\/span><\/a><\/p>\n","protected":false},"author":2,"featured_media":0,"parent":0,"menu_order":0,"comment_status":"closed","ping_status":"closed","template":"","meta":[],"_links":{"self":[{"href":"http:\/\/mzbskarkonosze.pl\/index.php?rest_route=\/wp\/v2\/pages\/1258"}],"collection":[{"href":"http:\/\/mzbskarkonosze.pl\/index.php?rest_route=\/wp\/v2\/pages"}],"about":[{"href":"http:\/\/mzbskarkonosze.pl\/index.php?rest_route=\/wp\/v2\/types\/page"}],"author":[{"embeddable":true,"href":"http:\/\/mzbskarkonosze.pl\/index.php?rest_route=\/wp\/v2\/users\/2"}],"replies":[{"embeddable":true,"href":"http:\/\/mzbskarkonosze.pl\/index.php?rest_route=%2Fwp%2Fv2%2Fcomments&post=1258"}],"version-history":[{"count":1,"href":"http:\/\/mzbskarkonosze.pl\/index.php?rest_route=\/wp\/v2\/pages\/1258\/revisions"}],"predecessor-version":[{"id":1259,"href":"http:\/\/mzbskarkonosze.pl\/index.php?rest_route=\/wp\/v2\/pages\/1258\/revisions\/1259"}],"wp:attachment":[{"href":"http:\/\/mzbskarkonosze.pl\/index.php?rest_route=%2Fwp%2Fv2%2Fmedia&parent=1258"}],"curies":[{"name":"wp","href":"https:\/\/api.w.org\/{rel}","templated":true}]}}