{"id":1262,"date":"2017-03-22T15:42:04","date_gmt":"2017-03-22T14:42:04","guid":{"rendered":"http:\/\/mzbskarkonosze.pl\/?page_id=1262"},"modified":"2017-04-12T21:10:07","modified_gmt":"2017-04-12T19:10:07","slug":"mlodziez-kls-piechowice","status":"publish","type":"page","link":"http:\/\/mzbskarkonosze.pl\/?page_id=1262","title":{"rendered":"M\u0142odzie\u017c KL Piechowice"},"content":{"rendered":"<table width=\"337\">\n<tbody>\n<tr>\n<td width=\"72\">PID<\/td>\n<td width=\"83\">IMIE<\/td>\n<td width=\"98\">NAZWISKO<\/td>\n<td width=\"41\">WK<\/td>\n<td width=\"43\">INFO<\/td>\n<\/tr>\n<tr>\n<td>18284<\/td>\n<td>Aleks<\/td>\n<td>Bukat<\/td>\n<td>0<\/td>\n<td>M<\/td>\n<\/tr>\n<tr>\n<td>18285<\/td>\n<td>Bartosz<\/td>\n<td>Daukszewicz<\/td>\n<td>0<\/td>\n<td>M<\/td>\n<\/tr>\n<tr>\n<td>17825<\/td>\n<td>Tymoteusz<\/td>\n<td>Figu\u0142a<\/td>\n<td>0<\/td>\n<td>M<\/td>\n<\/tr>\n<tr>\n<td>18286<\/td>\n<td>Maciej<\/td>\n<td>Goldsztajn<\/td>\n<td>0<\/td>\n<td>M<\/td>\n<\/tr>\n<tr>\n<td>15978<\/td>\n<td>\u0141ukasz<\/td>\n<td>Graczykowski<\/td>\n<td>0<\/td>\n<td>M<\/td>\n<\/tr>\n<tr>\n<td>18287<\/td>\n<td>Wiktoria<\/td>\n<td>Jab\u0142o\u0144ska<\/td>\n<td>0<\/td>\n<td>KM<\/td>\n<\/tr>\n<tr>\n<td>17826<\/td>\n<td>Tomasz<\/td>\n<td>Jab\u0142o\u0144ski<\/td>\n<td>0<\/td>\n<td>M<\/td>\n<\/tr>\n<tr>\n<td>18288<\/td>\n<td>Patryk<\/td>\n<td>Kilimiuk<\/td>\n<td>0<\/td>\n<td>J<\/td>\n<\/tr>\n<tr>\n<td>18289<\/td>\n<td>Micha\u0142<\/td>\n<td>Klimas<\/td>\n<td>0<\/td>\n<td>M<\/td>\n<\/tr>\n<tr>\n<td>18290<\/td>\n<td>Antoni<\/td>\n<td>Krystowski<\/td>\n<td>0<\/td>\n<td>M<\/td>\n<\/tr>\n<tr>\n<td>18291<\/td>\n<td>Dawid<\/td>\n<td>Kudlerek<\/td>\n<td>0<\/td>\n<td>J<\/td>\n<\/tr>\n<tr>\n<td>18292<\/td>\n<td>Dawid<\/td>\n<td>Ku\u017ama<\/td>\n<td>0<\/td>\n<td>M<\/td>\n<\/tr>\n<tr>\n<td>17386<\/td>\n<td>Wojciech<\/td>\n<td>Potapczyk<\/td>\n<td>0<\/td>\n<td>M<\/td>\n<\/tr>\n<tr>\n<td>17827<\/td>\n<td>Jakub<\/td>\n<td>Wacyra<\/td>\n<td>0<\/td>\n<td>M<\/td>\n<\/tr>\n<tr>\n<td>16977<\/td>\n<td>Tymoteusz<\/td>\n<td>W\u0105siewski<\/td>\n<td>0<\/td>\n<td>M<\/td>\n<\/tr>\n<tr>\n<td>18293<\/td>\n<td>Karolina<\/td>\n<td>\u017bwirko<\/td>\n<td>0<\/td>\n<td>KM<\/td>\n<\/tr>\n<tr>\n<td>17385<\/td>\n<td>Wiktoria<\/td>\n<td>\u017bwirko<\/td>\n<td>0<\/td>\n<td>KM<\/td>\n<\/tr>\n<\/tbody>\n<\/table>\n<div id=\"fb-root\"><\/div><script src=\"http:\/\/connect.facebook.net\/pl_PL\/all.js#xfbml=1\"><\/script><fb:like href=\"http:\/\/mzbskarkonosze.pl\/?page_id=1262\" send=\"true\" layout=\"standard\" width=\"450\" show_faces=\"true\" font=\"arial\" action=\"like\" colorscheme=\"dark\"><\/fb:like>","protected":false},"excerpt":{"rendered":"<p>PID IMIE NAZWISKO WK INFO 18284 Aleks Bukat 0 M 18285 Bartosz Daukszewicz 0 M 17825 Tymoteusz Figu\u0142a 0 M 18286 Maciej Goldsztajn 0 M 15978 \u0141ukasz Graczykowski 0 M 18287 Wiktoria Jab\u0142o\u0144ska 0 KM 17826 Tomasz Jab\u0142o\u0144ski 0 M 18288 Patryk Kilimiuk 0 J 18289 Micha\u0142 Klimas 0 M 18290 Antoni Krystowski 0 M &hellip; <a href=\"http:\/\/mzbskarkonosze.pl\/?page_id=1262\" class=\"more-link\">Czytaj dalej <span class=\"screen-reader-text\">M\u0142odzie\u017c KL Piechowice<\/span> <span class=\"meta-nav\">&rarr;<\/span><\/a><\/p>\n","protected":false},"author":2,"featured_media":0,"parent":0,"menu_order":0,"comment_status":"closed","ping_status":"closed","template":"","meta":[],"_links":{"self":[{"href":"http:\/\/mzbskarkonosze.pl\/index.php?rest_route=\/wp\/v2\/pages\/1262"}],"collection":[{"href":"http:\/\/mzbskarkonosze.pl\/index.php?rest_route=\/wp\/v2\/pages"}],"about":[{"href":"http:\/\/mzbskarkonosze.pl\/index.php?rest_route=\/wp\/v2\/types\/page"}],"author":[{"embeddable":true,"href":"http:\/\/mzbskarkonosze.pl\/index.php?rest_route=\/wp\/v2\/users\/2"}],"replies":[{"embeddable":true,"href":"http:\/\/mzbskarkonosze.pl\/index.php?rest_route=%2Fwp%2Fv2%2Fcomments&post=1262"}],"version-history":[{"count":2,"href":"http:\/\/mzbskarkonosze.pl\/index.php?rest_route=\/wp\/v2\/pages\/1262\/revisions"}],"predecessor-version":[{"id":1302,"href":"http:\/\/mzbskarkonosze.pl\/index.php?rest_route=\/wp\/v2\/pages\/1262\/revisions\/1302"}],"wp:attachment":[{"href":"http:\/\/mzbskarkonosze.pl\/index.php?rest_route=%2Fwp%2Fv2%2Fmedia&parent=1262"}],"curies":[{"name":"wp","href":"https:\/\/api.w.org\/{rel}","templated":true}]}}