{"id":1527,"date":"2017-10-05T16:34:08","date_gmt":"2017-10-05T14:34:08","guid":{"rendered":"http:\/\/mzbskarkonosze.pl\/?page_id=1527"},"modified":"2017-10-05T16:43:18","modified_gmt":"2017-10-05T14:43:18","slug":"druzyny-201718","status":"publish","type":"page","link":"http:\/\/mzbskarkonosze.pl\/?page_id=1527","title":{"rendered":"Dru\u017cyny 2017\/18"},"content":{"rendered":"<h3 style=\"text-align: center;\">Dru\u017cyny startuj\u0105ce w lidze okr\u0119gowej w sezonie 2017\/18<\/h3>\n<table style=\"width: 586px;\">\n<tbody>\n<tr style=\"height: 15px;\">\n<td style=\"width: 29px; height: 15px;\">L .p<\/td>\n<td style=\"width: 202px; height: 15px;\">\u00a0\u00a0\u00a0\u00a0\u00a0\u00a0\u00a0\u00a0\u00a0\u00a0 Nazwa klubu<\/td>\n<td style=\"width: 160px; height: 15px;\">Kapitan \/ kontakt e-mail<\/td>\n<td style=\"width: 126px; height: 15px;\">telefon<\/td>\n<\/tr>\n<tr style=\"height: 18px;\">\n<td style=\"width: 29px; height: 18px;\">1<\/td>\n<td style=\"width: 202px; height: 18px;\">BKB III Boles\u0142awiec<\/td>\n<td style=\"width: 160px; height: 18px;\"><a href=\"mailto:dorota@lo.boleslawiec.pl\">Dorota Kwintkiewicz<\/a><\/td>\n<td style=\"width: 126px; height: 18px;\">500 869 747<\/td>\n<\/tr>\n<tr style=\"height: 21px;\">\n<td style=\"width: 29px; height: 21px;\">2<\/td>\n<td style=\"width: 202px; height: 21px;\">KB Zabobrze Jelenia G\u00f3ra<\/td>\n<td style=\"width: 160px; height: 21px;\"><a href=\"mailto:zabobrze.kb@gmail.com\">Zbigniew Sk\u00f3recki<\/a><\/td>\n<td style=\"width: 126px; height: 21px;\">606 708 021<\/td>\n<\/tr>\n<tr style=\"height: 16px;\">\n<td style=\"width: 29px; height: 16px;\">3<\/td>\n<td style=\"width: 202px; height: 16px;\">KTB Impas Kamienna G\u00f3ra<\/td>\n<td style=\"width: 160px; height: 16px;\"><a href=\"mailto:dominik.homoncik@onet.pl\">Jan Tur<\/a><\/td>\n<td style=\"width: 126px; height: 16px;\">75 744 3405<\/td>\n<\/tr>\n<tr style=\"height: 19px;\">\n<td style=\"width: 29px; height: 19px;\">4<\/td>\n<td style=\"width: 202px; height: 19px;\">KBS Piast II Luba\u0144<\/td>\n<td style=\"width: 160px; height: 19px;\"><a href=\"mailto:bolodana@wp.pl\">Boles\u0142aw Andrzejewski<\/a><\/td>\n<td style=\"width: 126px; height: 19px;\">505 265 928<\/td>\n<\/tr>\n<tr style=\"height: 5px;\">\n<td style=\"width: 29px; height: 5px;\">5<\/td>\n<td style=\"width: 202px; height: 5px;\">SBS Impas Lubin<\/td>\n<td style=\"width: 160px; height: 5px;\"><a href=\"mailto:kodi_23@o2.pl\">Grocholski Jan<\/a><\/td>\n<td style=\"width: 126px; height: 5px;\">692 502 995<\/td>\n<\/tr>\n<tr style=\"height: 13px;\">\n<td style=\"width: 29px; height: 13px;\">6<\/td>\n<td style=\"width: 202px; height: 13px;\">KBS Mi\u0142kowice<\/td>\n<td style=\"width: 160px; height: 13px;\"><a href=\"mailto:miroslawa.stachura@vp.pl\">R\u0105czkowski Ryszard<\/a><\/td>\n<td style=\"width: 126px; height: 13px;\">668 505 548<\/td>\n<\/tr>\n<tr style=\"height: 15px;\">\n<td style=\"width: 29px; height: 15px;\">7<\/td>\n<td style=\"width: 202px; height: 15px;\">KL Piechowice<\/td>\n<td style=\"width: 160px; height: 15px;\"><a href=\"mailto:logik@matematyka.net\">Lech R\u0119bisz<\/a><\/td>\n<td style=\"width: 126px; height: 15px;\">606 284 076<\/td>\n<\/tr>\n<tr style=\"height: 14px;\">\n<td style=\"width: 29px; height: 14px;\">8<\/td>\n<td style=\"width: 202px; height: 14px;\">KS Bazalt Sulik\u00f3w<\/td>\n<td style=\"width: 160px; height: 14px;\"><a href=\"mailto:mikawa1@wp.pl\">Szcz\u0119ch Tadeusz<\/a><\/td>\n<td style=\"width: 126px; height: 14px;\">691 408 505<\/td>\n<\/tr>\n<tr style=\"height: 24px;\">\n<td style=\"width: 29px; height: 24px;\">9<\/td>\n<td style=\"width: 202px; height: 24px;\">\u015aWSS Bolko &#8211; Dolgaz WB<\/td>\n<td style=\"width: 160px; height: 24px;\"><a href=\"mailto:laboratoriumlesniak@wp.pl\">Edward Kasi\u0144ski<\/a><\/td>\n<td style=\"width: 126px; height: 24px;\">663 034 656<\/td>\n<\/tr>\n<tr style=\"height: 24px;\">\n<td style=\"width: 29px; height: 24px;\">10<\/td>\n<td style=\"width: 202px; height: 24px;\">ZKBS I INSBUD Zgorzelec<\/td>\n<td style=\"width: 160px; height: 24px;\"><a href=\"mailto:epn2000@wp.pl\">Kurianowicz Jerzy<\/a><\/td>\n<td style=\"width: 126px; height: 24px;\">602 749 027<\/td>\n<\/tr>\n<tr style=\"height: 2px;\">\n<td style=\"width: 29px; height: 2px;\">11<\/td>\n<td style=\"width: 202px; height: 2px;\">ZKBS II Zgorzelec<\/td>\n<td style=\"width: 160px; height: 2px;\"><a href=\"mailto:epn2000@wp.pl\">Nazaruk Ewa<\/a><\/td>\n<td style=\"width: 126px; height: 2px;\">508 147 844<\/td>\n<\/tr>\n<tr style=\"height: 29px;\">\n<td style=\"width: 29px; height: 29px;\">12<\/td>\n<td style=\"width: 202px; height: 29px;\">KKS REN BUT Z\u0142otoryja<\/td>\n<td style=\"width: 160px; height: 29px;\"><a href=\"mailto:birek@wp.pl\">Piotr Birowski<\/a><\/td>\n<td style=\"width: 126px; height: 29px;\">602 271 182<\/td>\n<\/tr>\n<\/tbody>\n<\/table>\n<div id=\"fb-root\"><\/div><script src=\"http:\/\/connect.facebook.net\/pl_PL\/all.js#xfbml=1\"><\/script><fb:like href=\"http:\/\/mzbskarkonosze.pl\/?page_id=1527\" send=\"true\" layout=\"standard\" width=\"450\" show_faces=\"true\" font=\"arial\" action=\"like\" colorscheme=\"dark\"><\/fb:like>","protected":false},"excerpt":{"rendered":"<p>Dru\u017cyny startuj\u0105ce w lidze okr\u0119gowej w sezonie 2017\/18 L .p \u00a0\u00a0\u00a0\u00a0\u00a0\u00a0\u00a0\u00a0\u00a0\u00a0 Nazwa klubu Kapitan \/ kontakt e-mail telefon 1 BKB III Boles\u0142awiec Dorota Kwintkiewicz 500 869 747 2 KB Zabobrze Jelenia G\u00f3ra Zbigniew Sk\u00f3recki 606 708 021 3 KTB Impas Kamienna G\u00f3ra Jan Tur 75 744 3405 4 KBS Piast II Luba\u0144 Boles\u0142aw Andrzejewski 505 &hellip; <a href=\"http:\/\/mzbskarkonosze.pl\/?page_id=1527\" class=\"more-link\">Czytaj dalej <span class=\"screen-reader-text\">Dru\u017cyny 2017\/18<\/span> <span class=\"meta-nav\">&rarr;<\/span><\/a><\/p>\n","protected":false},"author":2,"featured_media":0,"parent":0,"menu_order":0,"comment_status":"closed","ping_status":"closed","template":"","meta":[],"_links":{"self":[{"href":"http:\/\/mzbskarkonosze.pl\/index.php?rest_route=\/wp\/v2\/pages\/1527"}],"collection":[{"href":"http:\/\/mzbskarkonosze.pl\/index.php?rest_route=\/wp\/v2\/pages"}],"about":[{"href":"http:\/\/mzbskarkonosze.pl\/index.php?rest_route=\/wp\/v2\/types\/page"}],"author":[{"embeddable":true,"href":"http:\/\/mzbskarkonosze.pl\/index.php?rest_route=\/wp\/v2\/users\/2"}],"replies":[{"embeddable":true,"href":"http:\/\/mzbskarkonosze.pl\/index.php?rest_route=%2Fwp%2Fv2%2Fcomments&post=1527"}],"version-history":[{"count":3,"href":"http:\/\/mzbskarkonosze.pl\/index.php?rest_route=\/wp\/v2\/pages\/1527\/revisions"}],"predecessor-version":[{"id":1535,"href":"http:\/\/mzbskarkonosze.pl\/index.php?rest_route=\/wp\/v2\/pages\/1527\/revisions\/1535"}],"wp:attachment":[{"href":"http:\/\/mzbskarkonosze.pl\/index.php?rest_route=%2Fwp%2Fv2%2Fmedia&parent=1527"}],"curies":[{"name":"wp","href":"https:\/\/api.w.org\/{rel}","templated":true}]}}