{"id":1802,"date":"2018-06-10T14:34:09","date_gmt":"2018-06-10T12:34:09","guid":{"rendered":"http:\/\/mzbskarkonosze.pl\/?page_id=1802"},"modified":"2018-06-10T14:38:41","modified_gmt":"2018-06-10T12:38:41","slug":"wyniki-2018","status":"publish","type":"page","link":"http:\/\/mzbskarkonosze.pl\/?page_id=1802","title":{"rendered":"Wyniki 2018"},"content":{"rendered":"<h2>Wyniki turniej\u00f3w okr\u0119gowych i regionalnych 2018<\/h2>\n<h3><a href=\"http:\/\/dzbs.com.pl\/wp-content\/uploads\/wyniki\/2018\/gpds2018.html\" target=\"_blank\" rel=\"noopener\">Klasyfikacja Grand Prix Dolnego \u015al\u0105ska<\/a><\/h3>\n<p><a href=\"http:\/\/mzbskarkonosze.pl\/wyniki\/2018\/sobotka\/W-sob2018.html\" target=\"_blank\" rel=\"noopener\">03.02.2018 (sobota) \u2013 Sob\u00f3tka GPD\u015a<\/a><\/p>\n<p><a href=\"http:\/\/mzbskarkonosze.pl\/wyniki\/2018\/chojnow\/W-c180209.html\" target=\"_blank\" rel=\"noopener\">09.02.2018 &#8211; Turniej Memoria\u0142owy w Chojnowie<\/a><\/p>\n<p><a href=\"http:\/\/mzbskarkonosze.pl\/wyniki\/2018\/milk\/W-milk2018.html\" target=\"_blank\" rel=\"noopener\">07.04.2018 (sobota) \u2013 Mi\u0142kowice GPD\u015a<\/a><\/p>\n<p><a href=\"http:\/\/mzbskarkonosze.pl\/wyniki\/2018\/milicz\/W-milicz2018.html\" target=\"_blank\" rel=\"noopener\">14.04.2018 (sobota) \u2013 Milicka Wiosna, Milicz GPD\u015a<\/a><\/p>\n<p><a href=\"http:\/\/mzbskarkonosze.pl\/wyniki\/2018\/sulikow\/W-sul180422.html\" target=\"_blank\" rel=\"noopener\">22.04.2018 &#8211; Turniej SKALNIK\u00a0 o Puchar W\u00f3jta Gminy Sulik\u00f3w<\/a><\/p>\n<p><a href=\"http:\/\/mzbskarkonosze.pl\/wyniki\/2018\/zlot\/W-zlot2018.html\" target=\"_blank\" rel=\"noopener\">26.05.2018 (sobota) \u2013 Z\u0142otoryja GPD\u015a<\/a><\/p>\n<p><a href=\"http:\/\/mzbskarkonosze.pl\/wyniki\/2018\/legnica\/W-leg2018.html\" target=\"_blank\" rel=\"noopener\">27.05.2018 (niedziela) \u2013 Miedziana Kad\u017a, Legnica GPD\u015a<\/a><\/p>\n<p><a href=\"http:\/\/tombaj.brydzowe.pl\/wyniki\/s181\/W-s181.html\" target=\"_blank\" rel=\"noopener\">03.06.2018 (niedziela) \u2013 Szczawno Zdr\u00f3j GPD\u015a<\/a><\/p>\n<p><a href=\"http:\/\/bkb.boleslawiec.pl\/wyniki\/2018\/180608\/W-ch180608.html\" target=\"_blank\" rel=\"noopener\">08.06.2018 &#8211; Turniej o Puchar Burmistrza Chojnowa<\/a><\/p>\n<p>10.06.2018 (niedziela) \u2013 Jawor GPD\u015a<\/p>\n<p>17.06.2018 (niedziela) \u2013 Kamienna G\u00f3ra GPD\u015a<\/p>\n<p>29.09.2018 (sobota) \u2013 Brzeg Dolny GPD\u015a<\/p>\n<p>21.10.2018 (niedziela) \u2013 Stara Kopalnia, Wa\u0142brzych GPD\u015a<\/p>\n<p>28.10.2018 (niedziela) \u2013 Dzier\u017coni\u00f3w GPD\u015a<\/p>\n<p>11.11.2018 (niedziela) \u2013 Turniej Niepodleg\u0142o\u015bci, Lubin GPD\u015a<\/p>\n<p>09.12.2018 (niedziela) \u2013Turniej Miko\u0142ajkowy, \u015awiebodzice GPD\u015a<\/p>\n<div id=\"fb-root\"><\/div><script src=\"http:\/\/connect.facebook.net\/pl_PL\/all.js#xfbml=1\"><\/script><fb:like href=\"http:\/\/mzbskarkonosze.pl\/?page_id=1802\" send=\"true\" layout=\"standard\" width=\"450\" show_faces=\"true\" font=\"arial\" action=\"like\" colorscheme=\"dark\"><\/fb:like>","protected":false},"excerpt":{"rendered":"<p>Wyniki turniej\u00f3w okr\u0119gowych i regionalnych 2018 Klasyfikacja Grand Prix Dolnego \u015al\u0105ska 03.02.2018 (sobota) \u2013 Sob\u00f3tka GPD\u015a 09.02.2018 &#8211; Turniej Memoria\u0142owy w Chojnowie 07.04.2018 (sobota) \u2013 Mi\u0142kowice GPD\u015a 14.04.2018 (sobota) \u2013 Milicka Wiosna, Milicz GPD\u015a 22.04.2018 &#8211; Turniej SKALNIK\u00a0 o Puchar W\u00f3jta Gminy Sulik\u00f3w 26.05.2018 (sobota) \u2013 Z\u0142otoryja GPD\u015a 27.05.2018 (niedziela) \u2013 Miedziana Kad\u017a, Legnica GPD\u015a &hellip; <a href=\"http:\/\/mzbskarkonosze.pl\/?page_id=1802\" class=\"more-link\">Czytaj dalej <span class=\"screen-reader-text\">Wyniki 2018<\/span> <span class=\"meta-nav\">&rarr;<\/span><\/a><\/p>\n","protected":false},"author":2,"featured_media":0,"parent":0,"menu_order":0,"comment_status":"closed","ping_status":"closed","template":"","meta":[],"_links":{"self":[{"href":"http:\/\/mzbskarkonosze.pl\/index.php?rest_route=\/wp\/v2\/pages\/1802"}],"collection":[{"href":"http:\/\/mzbskarkonosze.pl\/index.php?rest_route=\/wp\/v2\/pages"}],"about":[{"href":"http:\/\/mzbskarkonosze.pl\/index.php?rest_route=\/wp\/v2\/types\/page"}],"author":[{"embeddable":true,"href":"http:\/\/mzbskarkonosze.pl\/index.php?rest_route=\/wp\/v2\/users\/2"}],"replies":[{"embeddable":true,"href":"http:\/\/mzbskarkonosze.pl\/index.php?rest_route=%2Fwp%2Fv2%2Fcomments&post=1802"}],"version-history":[{"count":3,"href":"http:\/\/mzbskarkonosze.pl\/index.php?rest_route=\/wp\/v2\/pages\/1802\/revisions"}],"predecessor-version":[{"id":1805,"href":"http:\/\/mzbskarkonosze.pl\/index.php?rest_route=\/wp\/v2\/pages\/1802\/revisions\/1805"}],"wp:attachment":[{"href":"http:\/\/mzbskarkonosze.pl\/index.php?rest_route=%2Fwp%2Fv2%2Fmedia&parent=1802"}],"curies":[{"name":"wp","href":"https:\/\/api.w.org\/{rel}","templated":true}]}}