{"id":2390,"date":"2021-08-23T13:49:16","date_gmt":"2021-08-23T11:49:16","guid":{"rendered":"http:\/\/mzbskarkonosze.pl\/?page_id=2390"},"modified":"2021-10-10T20:53:27","modified_gmt":"2021-10-10T18:53:27","slug":"liga-okregowa-2020-2021","status":"publish","type":"page","link":"http:\/\/mzbskarkonosze.pl\/?page_id=2390","title":{"rendered":"Sezon 2020\/2021"},"content":{"rendered":"\n<h4>Wyniki ko\u0144cowe ligi okr\u0119gowej<\/h4>\n<table cellspacing=\"0\">\n<tbody>\n<tr>\n<td class=\"bdcc12\">Miejsce<\/td>\n<td class=\"s2\">Dru\u017cyna<\/td>\n<\/tr>\n<tr>\n<td class=\"bdc1\">1<\/td>\n<td class=\"bd\">\u00a0KB Zabobrze Jelenia G\u00f3ra<\/td>\n<\/tr>\n<tr>\n<td class=\"bdc1\">2<\/td>\n<td class=\"bd\">KBS PONAR Piast II Luba\u0144<\/td>\n<\/tr>\n<tr>\n<td class=\"bdc1\">3<\/td>\n<td class=\"bd\">\u00a0KS Konfeks II Legnica<\/td>\n<\/tr>\n<tr>\n<td class=\"bdc1\">4<\/td>\n<td class=\"bd\">\u00a0ZKBS I Zgorzelec<\/td>\n<\/tr>\n<tr>\n<td class=\"bdc1\">5<\/td>\n<td class=\"bd\">\u00a0KTB Impas Kamienna G\u00f3ra<\/td>\n<\/tr>\n<tr>\n<td class=\"bdc1\">6<\/td>\n<td class=\"bd\">\u00a0Klub Logiczny Piechowice<\/td>\n<\/tr>\n<tr>\n<td class=\"bdc1\">7<\/td>\n<td class=\"bd\">\u00a0BKB II Boles\u0142awiec<\/td>\n<\/tr>\n<tr>\n<td class=\"bdc1\">8<\/td>\n<td class=\"bd\">\u00a0KBS Mi\u0142kowice II Mi\u0142kowice<\/td>\n<\/tr>\n<\/tbody>\n<\/table>\n<h5>Fina\u0142<\/h5>\n<ul>\n<li><a href=\"http:\/\/mzbskarkonosze.pl\/wyniki\/liga\/2021\/sf1runda1.html\">KBS PONAR Piast II Luba\u0144\u00a0 &#8211; <\/a><a href=\"http:\/\/mzbskarkonosze.pl\/wyniki\/liga\/2021\/finalrunda1.html\">KB Zabobrze Jelenia G\u00f3ra<\/a><\/li>\n<\/ul>\n<h5>P\u00f3\u0142fina\u0142y<\/h5>\n<ul>\n<li><a href=\"http:\/\/mzbskarkonosze.pl\/wyniki\/liga\/2021\/sf1runda1.html\">KBS PONAR Piast II Luba\u0144\u00a0 &#8211; KS Konfeks II Legnica<\/a><\/li>\n<li><a href=\"http:\/\/mzbskarkonosze.pl\/wyniki\/liga\/2021\/sf2runda1.html\">KB Zabobrze Jelenia G\u00f3ra\u00a0 &#8211; \u00a0ZKBS I Zgorzelec<\/a><\/li>\n<\/ul>\n<h4><a href=\"http:\/\/mzbskarkonosze.pl\/wyniki\/liga\/2021\/lo2021leaderb.html\" target=\"_blank\" rel=\"noopener noreferrer\">Wyniki rundy zasadniczej<\/a><\/h4>\n<h4>Terminarz<\/h4>\n<ul>\n<li>12.09.2021, godz 10.00 &#8211; <a href=\"http:\/\/mzbskarkonosze.pl\/wyniki\/liga\/2021\/lo2021runda3.html\" target=\"_blank\" rel=\"noopener noreferrer\">runda 3<\/a> &#8211; mecz &#8222;po s\u0105siedzku&#8221; mo\u017ce by\u0107 rozegrany w innym terminie uzgodnionym mi\u0119dzy kapitanami (do dnia 18.09.2021).<\/li>\n<li>19.09.2021, godz. 10.00 &#8211; Luba\u0144, \u015bwietlica SM, &#8211; <a href=\"http:\/\/mzbskarkonosze.pl\/wyniki\/liga\/2021\/lo2021runda4.html\" target=\"_blank\" rel=\"noopener noreferrer\">runda 4<\/a> i <a href=\"http:\/\/mzbskarkonosze.pl\/wyniki\/liga\/2021\/lo2021runda5.html\" target=\"_blank\" rel=\"noopener noreferrer\">runda 5<\/a><\/li>\n<li>26.09.2021, godz. 10.00 &#8211; Mi\u0142kowice, <a href=\"http:\/\/mzbskarkonosze.pl\/wyniki\/liga\/2021\/lo2021runda6.html\" target=\"_blank\" rel=\"noopener noreferrer\">runda 6<\/a> i <a href=\"http:\/\/mzbskarkonosze.pl\/wyniki\/liga\/2021\/lo2021runda7.html\" target=\"_blank\" rel=\"noopener noreferrer\">runda 7<\/a><\/li>\n<\/ul>\n<h4>Harmonogram<\/h4>\n<ul>\n<li>9.30 \u2013 otwarcie sali gry<\/li>\n<li>9.50 \u2013 rozstawienie do meczu<\/li>\n<li>10.00-11.30 \u2013 I po\u0142owa<\/li>\n<li>11.45-13.15 \u2013 II po\u0142owa<\/li>\n<\/ul>\n<h5>13.15-14.00 \u2013 przerwa obiadowa<\/h5>\n<ul>\n<li>13.50 \u2013 rozstawienie do meczu<\/li>\n<li>14.00-15.30 \u2013 I po\u0142owa<\/li>\n<li>15.45-17.15 \u2013 II po\u0142owa<\/li>\n<\/ul>\n<h3>Zalecenia sanitarne<\/h3>\n<h4><strong>\u015arodki bezpiecze\u0144stwa:<\/strong><\/h4>\n<ul>\n<li>Rozstawienie sto\u0142\u00f3w do gry w odleg\u0142o\u015bci co najmniej 2 metry od siebie, z przestrzeni\u0105 co najmniej 9 metr\u00f3w kwadratowych dla ka\u017cdego sto\u0142u.<\/li>\n<li>Dodatkowy sprz\u0119t \u2013 karty, pude\u0142ka i bidding-boxy \u2013 tak, aby karty by\u0142y u\u017cywane rzadziej oraz aby, ka\u017cdy zawodnik mia\u0142 w\u0142asny bidding-box do licytacji.<\/li>\n<li>Urz\u0105dzenia do zapisywania wynik\u00f3w rozdania (bridgemate) b\u0119d\u0105 zdezynfekowane przez s\u0119dzi\u00f3w i u\u017cywane przez tylko jednego zawodnika podczas trwania segmentu.<\/li>\n<li>Na sto\u0142ach nie b\u0119dzie si\u0119 znajdowa\u0107 nic opr\u00f3cz sprz\u0119tu.<\/li>\n<li>Sto\u0142y do gry oraz sprz\u0119t b\u0119d\u0105 dezynfekowane.<\/li>\n<li>Sala do gry b\u0119dzie cz\u0119sto i regularnie wietrzona.<\/li>\n<\/ul>\n<h4><strong>Obowi\u0105zki dla uczestnik\u00f3w zawod\u00f3w:<\/strong><\/h4>\n<ul>\n<li>Obowi\u0105zek dezynfekowania r\u0105k przez zawodnik\u00f3w przed i po ka\u017cdym segmencie.<\/li>\n<li>Obowi\u0105zek dezynfekowania r\u0105k przez wszystkich podczas wchodzenia i wychodzenia z sali gry.<\/li>\n<li>Podczas rozgrywania zawod\u00f3w sportowych zawodnicy maj\u0105 obowi\u0105zek stosowania si\u0119 do aktualnych zasad i ogranicze\u0144 \u2013 opublikowanych na gov.pl-osoby uprawiaj\u0105ce sport w ramach wsp\u00f3\u0142zawodnictwa sportowego s\u0105 zwolnione z obowi\u0105zku zakrywania ust i nosa. Poza stolikiem bryd\u017cowym nale\u017cy stosowa\u0107 og\u00f3lne zasady: zachowa\u0107 odpowiedni dystans i stosowa\u0107 maseczk\u0119 do zakrycia ust i nosa.<\/li>\n<\/ul>\n<h4><strong>Obowi\u0105zuj\u0105:<\/strong><\/h4>\n<ul>\n<li>Zakaz obecno\u015bci os\u00f3b postronnych na sali gry, w tym kibic\u00f3w.<\/li>\n<li>Bezwzgl\u0119dny zakaz u\u017cywania oraz trzymania telefon\u00f3w kom\u00f3rkowych przy stolikach.<\/li>\n<li>Bezwzgl\u0119dny zakaz spo\u017cywania posi\u0142k\u00f3w na sali gry.<\/li>\n<li>Zasady higieny oraz stosowanie dobrych praktyk higienicznych \u2013 dok\u0142adne i cz\u0119ste mycie r\u0105k wod\u0105 z myd\u0142em, osuszanie przy u\u017cyciu r\u0119cznik\u00f3w papierowych, dezynfekowanie osuszonych d\u0142oni \u015brodkami na bazie alkoholu (min. 60%).<\/li>\n<\/ul>\n<div id=\"fb-root\"><\/div><script src=\"http:\/\/connect.facebook.net\/pl_PL\/all.js#xfbml=1\"><\/script><fb:like href=\"http:\/\/mzbskarkonosze.pl\/?page_id=2390\" send=\"true\" layout=\"standard\" width=\"450\" show_faces=\"true\" font=\"arial\" action=\"like\" colorscheme=\"dark\"><\/fb:like>","protected":false},"excerpt":{"rendered":"<p>Wyniki ko\u0144cowe ligi okr\u0119gowej Miejsce Dru\u017cyna 1 \u00a0KB Zabobrze Jelenia G\u00f3ra 2 KBS PONAR Piast II Luba\u0144 3 \u00a0KS Konfeks II Legnica 4 \u00a0ZKBS I Zgorzelec 5 \u00a0KTB Impas Kamienna G\u00f3ra 6 \u00a0Klub Logiczny Piechowice 7 \u00a0BKB II Boles\u0142awiec 8 \u00a0KBS Mi\u0142kowice II Mi\u0142kowice Fina\u0142 KBS PONAR Piast II Luba\u0144\u00a0 &#8211; KB Zabobrze Jelenia G\u00f3ra &hellip; <a href=\"http:\/\/mzbskarkonosze.pl\/?page_id=2390\" class=\"more-link\">Czytaj dalej <span class=\"screen-reader-text\">Sezon 2020\/2021<\/span> <span class=\"meta-nav\">&rarr;<\/span><\/a><\/p>\n","protected":false},"author":2,"featured_media":0,"parent":0,"menu_order":0,"comment_status":"closed","ping_status":"closed","template":"","meta":[],"_links":{"self":[{"href":"http:\/\/mzbskarkonosze.pl\/index.php?rest_route=\/wp\/v2\/pages\/2390"}],"collection":[{"href":"http:\/\/mzbskarkonosze.pl\/index.php?rest_route=\/wp\/v2\/pages"}],"about":[{"href":"http:\/\/mzbskarkonosze.pl\/index.php?rest_route=\/wp\/v2\/types\/page"}],"author":[{"embeddable":true,"href":"http:\/\/mzbskarkonosze.pl\/index.php?rest_route=\/wp\/v2\/users\/2"}],"replies":[{"embeddable":true,"href":"http:\/\/mzbskarkonosze.pl\/index.php?rest_route=%2Fwp%2Fv2%2Fcomments&post=2390"}],"version-history":[{"count":7,"href":"http:\/\/mzbskarkonosze.pl\/index.php?rest_route=\/wp\/v2\/pages\/2390\/revisions"}],"predecessor-version":[{"id":2432,"href":"http:\/\/mzbskarkonosze.pl\/index.php?rest_route=\/wp\/v2\/pages\/2390\/revisions\/2432"}],"wp:attachment":[{"href":"http:\/\/mzbskarkonosze.pl\/index.php?rest_route=%2Fwp%2Fv2%2Fmedia&parent=2390"}],"curies":[{"name":"wp","href":"https:\/\/api.w.org\/{rel}","templated":true}]}}