{"id":38,"date":"2015-04-20T12:06:41","date_gmt":"2015-04-20T10:06:41","guid":{"rendered":"http:\/\/mzbskarkonosze.pl\/?page_id=38"},"modified":"2017-11-27T22:58:45","modified_gmt":"2017-11-27T21:58:45","slug":"turnieje-okregowe","status":"publish","type":"page","link":"http:\/\/mzbskarkonosze.pl\/?page_id=38","title":{"rendered":"Wyniki turniej\u00f3w okr\u0119gowych 2017"},"content":{"rendered":"<h4><a href=\"wyniki\/2017\/gpds.html\" target=\"_blank\" rel=\"noopener noreferrer\"><b>Klasyfikacja Grand Prix Dolnego \u015al\u0105ska<\/b><\/a><\/h4>\n<p><a href=\"http:\/\/mzbskarkonosze.pl\/wyniki\/2017\/lubin\/W-lubin2017.html\" target=\"_blank\" rel=\"noopener noreferrer\">OTP* II Memoria\u0142 Andrzeja G\u00f3rzy\u0144skiego.<\/a><br \/>\nTurniej z okazji \u015awi\u0119ta Niepodleg\u0142o\u015bci w Lubinie &#8211; 11.11.2017<\/p>\n<p><a href=\"http:\/\/mzbskarkonosze.pl\/wyniki\/2017\/dz\/W-dz2017.html\" target=\"_blank\" rel=\"noopener noreferrer\">GP Dolnego \u015al\u0105ska w Dzier\u017conowie &#8211; 29.10.2017<\/a><\/p>\n<p><a href=\"http:\/\/mzbskarkonosze.pl\/wyniki\/2017\/kopalnia\/W-kopalnia2017.html\" target=\"_blank\" rel=\"noopener noreferrer\">Turniej Stara Kopalnia w Wa\u0142brzychu &#8211; 22.10.2017<\/a><\/p>\n<p><a href=\"http:\/\/dzbs.com.pl\/wp-content\/uploads\/wyniki\/2017\/171005\/W-m171005.html\" target=\"_blank\" rel=\"noopener noreferrer\">Mistrzostwa Wroc\u0142awia Senior\u00f3w &#8211; 5.10.2017<\/a><\/p>\n<p><a href=\"http:\/\/mzbskarkonosze.pl\/wyniki\/2017\/brzeg\/W-brzeg2017.html\" target=\"_blank\" rel=\"noopener noreferrer\">Turniej 60-lecia DZBS &#8211; 30.09.2017<\/a><\/p>\n<p><a href=\"http:\/\/www.pzbs.pl\/wyniki\/turnieje\/2017\/gpp\/1718boles\/program.htm\" target=\"_blank\" rel=\"noopener noreferrer\">XXVI Trzydni\u00f3wka Boles\u0142awiecka<\/a><\/p>\n<p><a href=\"http:\/\/tombaj.brydzowe.pl\/wyniki\/szcz17\/W-szcz17.html\" target=\"_blank\" rel=\"noopener noreferrer\">Turniej o Puchar Burmistrza Szczawna-Zdroju &#8211; 18.06.2017<\/a><\/p>\n<p><a href=\"http:\/\/mzbskarkonosze.pl\/wyniki\/2017\/jawor\/W-jawor2017.html\" target=\"_blank\" rel=\"noopener noreferrer\">Turniej o Puchar Burmistrza Jawora &#8211; 11.06.2017<\/a><\/p>\n<p><a href=\"http:\/\/mzbskarkonosze.pl\/wyniki\/2017\/kamienna\/W-kg2017.html\" target=\"_blank\" rel=\"noopener noreferrer\">Dni Kamiennej G\u00f3ry &#8211; 4.06.2017<\/a><\/p>\n<p><a href=\"http:\/\/mzbskarkonosze.pl\/wyniki\/2017\/legnica\/W-lg2017.html\" target=\"_blank\" rel=\"noopener noreferrer\">Hutnicza Kad\u017a &#8211; Legnica, 14.05.2017<\/a><\/p>\n<p><a href=\"http:\/\/mzbskarkonosze.pl\/wyniki\/2017\/sulikow\/W-su170513.html\" target=\"_blank\" rel=\"noopener noreferrer\">Turniej Skalnik w Sulikowie &#8211; 13.05.2017<\/a><\/p>\n<p><a href=\"http:\/\/mzbskarkonosze.pl\/wyniki\/2017\/zlot\/W-zlot2017.html\" target=\"_blank\" rel=\"noopener noreferrer\">Mistrzostwa Z\u0142otoryi &#8211; 7.05.2017<\/a><\/p>\n<p><a href=\"http:\/\/www.brydzlubuski.pl\/wyniki\/2017\/glogow\/W-glog2017.html\" target=\"_blank\" rel=\"noopener noreferrer\">Dzie\u0144 Hutnika &#8211; Dni G\u0142ogowa &#8211; 21.05.2017<\/a><\/p>\n<p><a href=\"http:\/\/mzbskarkonosze.pl\/wyniki\/2017\/milk\/W-milk2017.html\" target=\"_blank\" rel=\"noopener noreferrer\">Turniej Par o Puchar Starosty Legnickiego w Mi\u0142kowicach &#8211; 23.04.2017<\/a><\/p>\n<p><a href=\"http:\/\/brydz.wlkp.pl\/w\/2017\/GPW\/les170409\/\" target=\"_blank\" rel=\"noopener noreferrer\">Memoria\u0142 Jurka Rymwida w Lesznie &#8211; 9.04.2017<\/a><\/p>\n<p><a href=\"http:\/\/mzbskarkonosze.pl\/wyniki\/2017\/mpp\/W-mpp2017.html\" target=\"_blank\" rel=\"noopener noreferrer\">Dolno\u015bl\u0105ski Fina\u0142 Mistrzostw Polski Par 2017 &#8211; 8.04.2017<\/a><\/p>\n<p><a href=\"http:\/\/mzbskarkonosze.pl\/wyniki\/2017\/kunice\/W-ku170401.html\" target=\"_blank\" rel=\"noopener noreferrer\">Turniej dla Debiutant\u00f3w w Kunicach &#8211; 1.04.2017<\/a><\/p>\n<p><a href=\"wyniki\/2017\/milicz\/W-milicz2017.html\" target=\"_blank\" rel=\"noopener noreferrer\">Milicka Wiosna 2017 &#8211; 04.03.2017<\/a><\/p>\n<p><a href=\"wyniki\/2017\/sobotka\/W-sob2017.html\" target=\"_blank\" rel=\"noopener noreferrer\">IV \u015al\u0119\u017ca\u0144ski Turniej Bryd\u017ca Sportowego &#8211; 11.02.2017<\/a><\/p>\n<div id=\"fb-root\"><\/div><script src=\"http:\/\/connect.facebook.net\/pl_PL\/all.js#xfbml=1\"><\/script><fb:like href=\"http:\/\/mzbskarkonosze.pl\/?page_id=38\" send=\"true\" layout=\"standard\" width=\"450\" show_faces=\"true\" font=\"arial\" action=\"like\" colorscheme=\"dark\"><\/fb:like>","protected":false},"excerpt":{"rendered":"<p>Klasyfikacja Grand Prix Dolnego \u015al\u0105ska OTP* II Memoria\u0142 Andrzeja G\u00f3rzy\u0144skiego. Turniej z okazji \u015awi\u0119ta Niepodleg\u0142o\u015bci w Lubinie &#8211; 11.11.2017 GP Dolnego \u015al\u0105ska w Dzier\u017conowie &#8211; 29.10.2017 Turniej Stara Kopalnia w Wa\u0142brzychu &#8211; 22.10.2017 Mistrzostwa Wroc\u0142awia Senior\u00f3w &#8211; 5.10.2017 Turniej 60-lecia DZBS &#8211; 30.09.2017 XXVI Trzydni\u00f3wka Boles\u0142awiecka Turniej o Puchar Burmistrza Szczawna-Zdroju &#8211; 18.06.2017 Turniej o &hellip; <a href=\"http:\/\/mzbskarkonosze.pl\/?page_id=38\" class=\"more-link\">Czytaj dalej <span class=\"screen-reader-text\">Wyniki turniej\u00f3w okr\u0119gowych 2017<\/span> <span class=\"meta-nav\">&rarr;<\/span><\/a><\/p>\n","protected":false},"author":2,"featured_media":0,"parent":0,"menu_order":0,"comment_status":"open","ping_status":"open","template":"","meta":[],"_links":{"self":[{"href":"http:\/\/mzbskarkonosze.pl\/index.php?rest_route=\/wp\/v2\/pages\/38"}],"collection":[{"href":"http:\/\/mzbskarkonosze.pl\/index.php?rest_route=\/wp\/v2\/pages"}],"about":[{"href":"http:\/\/mzbskarkonosze.pl\/index.php?rest_route=\/wp\/v2\/types\/page"}],"author":[{"embeddable":true,"href":"http:\/\/mzbskarkonosze.pl\/index.php?rest_route=\/wp\/v2\/users\/2"}],"replies":[{"embeddable":true,"href":"http:\/\/mzbskarkonosze.pl\/index.php?rest_route=%2Fwp%2Fv2%2Fcomments&post=38"}],"version-history":[{"count":18,"href":"http:\/\/mzbskarkonosze.pl\/index.php?rest_route=\/wp\/v2\/pages\/38\/revisions"}],"predecessor-version":[{"id":1616,"href":"http:\/\/mzbskarkonosze.pl\/index.php?rest_route=\/wp\/v2\/pages\/38\/revisions\/1616"}],"wp:attachment":[{"href":"http:\/\/mzbskarkonosze.pl\/index.php?rest_route=%2Fwp%2Fv2%2Fmedia&parent=38"}],"curies":[{"name":"wp","href":"https:\/\/api.w.org\/{rel}","templated":true}]}}