{"id":40,"date":"2015-04-20T12:07:05","date_gmt":"2015-04-20T10:07:05","guid":{"rendered":"http:\/\/mzbskarkonosze.pl\/?page_id=40"},"modified":"2016-11-13T18:53:29","modified_gmt":"2016-11-13T17:53:29","slug":"liga-okregowa","status":"publish","type":"page","link":"http:\/\/mzbskarkonosze.pl\/?page_id=40","title":{"rendered":"Sezon 2015\/2016"},"content":{"rendered":"<h3>Sezon 2015\/2016<\/h3>\n<p>Klasyfikacja ko\u0144cowa<\/p>\n<table width=\"366\">\n<tbody>\n<tr>\n<td width=\"72\">Miejsce<\/td>\n<td width=\"214\">Dru\u017cyna<\/td>\n<td width=\"80\">Nominalna liczba PKLi<\/td>\n<\/tr>\n<tr>\n<td>1<\/td>\n<td>\u00a0KLS Piechowice<\/td>\n<td>150<\/td>\n<\/tr>\n<tr>\n<td>2<\/td>\n<td>\u00a0BKB III Pogrom Boles\u0142awiec<\/td>\n<td>147<\/td>\n<\/tr>\n<tr>\n<td>3<\/td>\n<td>\u00a0Konfeks II Legnica<\/td>\n<td>143<\/td>\n<\/tr>\n<tr>\n<td>4<\/td>\n<td>\u00a0LKB Lw\u00f3wek \u015al\u0105ski<\/td>\n<td>140<\/td>\n<\/tr>\n<tr>\n<td>5<\/td>\n<td>\u00a0KKS Ren-But Z\u0142otoryja<\/td>\n<td>136<\/td>\n<\/tr>\n<tr>\n<td>6<\/td>\n<td>\u00a0KBS I Mi\u0142kowice<\/td>\n<td>133<\/td>\n<\/tr>\n<tr>\n<td>7<\/td>\n<td>\u00a0KB Zabobrze Jelenia G\u00f3ra<\/td>\n<td>129<\/td>\n<\/tr>\n<tr>\n<td>8<\/td>\n<td>\u00a0ZKBS II Zgorzelec<\/td>\n<td>125<\/td>\n<\/tr>\n<tr>\n<td>9<\/td>\n<td>\u00a0KBS Piast Luba\u0144<\/td>\n<td>122<\/td>\n<\/tr>\n<tr>\n<td>10<\/td>\n<td>\u00a0SBS Impas Lubin<\/td>\n<td>118<\/td>\n<\/tr>\n<tr>\n<td>11<\/td>\n<td>\u00a0\u015aSS Bolko-Dolgaz Wa\u0142brzych<\/td>\n<td>115<\/td>\n<\/tr>\n<tr>\n<td>12<\/td>\n<td>\u00a0KTB Impas Kamienna G\u00f3ra<\/td>\n<td>111<\/td>\n<\/tr>\n<tr>\n<td>13<\/td>\n<td>\u00a0MKS Nysa Zgorzelec<\/td>\n<td>108<\/td>\n<\/tr>\n<tr>\n<td>14<\/td>\n<td>\u00a0KS Bazalt Sulik\u00f3w<\/td>\n<td>104<\/td>\n<\/tr>\n<tr>\n<td>15<\/td>\n<td>\u00a0KBS II Mi\u0142kowice<\/td>\n<td>100<\/td>\n<\/tr>\n<\/tbody>\n<\/table>\n<p><a href=\"wyniki\/liga\/2015\/final4runda1.html\" target=\"_blank\">\u0106wier\u0107fina\u0142y<\/a><\/p>\n<p><a href=\"wyniki\/liga\/2015\/liga2015leaderb.html\" target=\"_blank\">Wyniki rundy zasadniczej<\/a><\/p>\n<p><a href=\"wyniki\/liga\/2015\/terminarz2015.pdf\" target=\"_blank\">Szczeg\u00f3\u0142owy terminarz meczy<\/a><\/p>\n<p><a href=\"http:\/\/mzbskarkonosze.pl\/?p=462\">Komunikat organizacyjny<\/a><\/p>\n<h3>Sezon 2014\/2015<\/h3>\n<p><a href=\"http:\/\/www.dzbs.com.pl\/wyniki\/2015\/baraz1\/baraz1runda1.html\" target=\"_blank\">Bara\u017c o III lige<\/a><\/p>\n<p><a href=\"http:\/\/dzbs.com.pl\/wyniki\/lomzbs2014\/polfin2015runda2.html\" target=\"_blank\">P\u00f3\u0142fina\u0142 i fina\u0142<\/a><\/p>\n<p><a href=\"http:\/\/dzbs.com.pl\/wyniki\/lomzbs2014\/liga2014leaderb.html\" target=\"_blank\">Runda zasadnicza<\/a><\/p>\n<div id=\"fb-root\"><\/div><script src=\"http:\/\/connect.facebook.net\/pl_PL\/all.js#xfbml=1\"><\/script><fb:like href=\"http:\/\/mzbskarkonosze.pl\/?page_id=40\" send=\"true\" layout=\"standard\" width=\"450\" show_faces=\"true\" font=\"arial\" action=\"like\" colorscheme=\"dark\"><\/fb:like>","protected":false},"excerpt":{"rendered":"<p>Sezon 2015\/2016 Klasyfikacja ko\u0144cowa Miejsce Dru\u017cyna Nominalna liczba PKLi 1 \u00a0KLS Piechowice 150 2 \u00a0BKB III Pogrom Boles\u0142awiec 147 3 \u00a0Konfeks II Legnica 143 4 \u00a0LKB Lw\u00f3wek \u015al\u0105ski 140 5 \u00a0KKS Ren-But Z\u0142otoryja 136 6 \u00a0KBS I Mi\u0142kowice 133 7 \u00a0KB Zabobrze Jelenia G\u00f3ra 129 8 \u00a0ZKBS II Zgorzelec 125 9 \u00a0KBS Piast Luba\u0144 122 &hellip; <a href=\"http:\/\/mzbskarkonosze.pl\/?page_id=40\" class=\"more-link\">Czytaj dalej <span class=\"screen-reader-text\">Sezon 2015\/2016<\/span> <span class=\"meta-nav\">&rarr;<\/span><\/a><\/p>\n","protected":false},"author":2,"featured_media":0,"parent":0,"menu_order":0,"comment_status":"open","ping_status":"open","template":"","meta":[],"_links":{"self":[{"href":"http:\/\/mzbskarkonosze.pl\/index.php?rest_route=\/wp\/v2\/pages\/40"}],"collection":[{"href":"http:\/\/mzbskarkonosze.pl\/index.php?rest_route=\/wp\/v2\/pages"}],"about":[{"href":"http:\/\/mzbskarkonosze.pl\/index.php?rest_route=\/wp\/v2\/types\/page"}],"author":[{"embeddable":true,"href":"http:\/\/mzbskarkonosze.pl\/index.php?rest_route=\/wp\/v2\/users\/2"}],"replies":[{"embeddable":true,"href":"http:\/\/mzbskarkonosze.pl\/index.php?rest_route=%2Fwp%2Fv2%2Fcomments&post=40"}],"version-history":[{"count":16,"href":"http:\/\/mzbskarkonosze.pl\/index.php?rest_route=\/wp\/v2\/pages\/40\/revisions"}],"predecessor-version":[{"id":1071,"href":"http:\/\/mzbskarkonosze.pl\/index.php?rest_route=\/wp\/v2\/pages\/40\/revisions\/1071"}],"wp:attachment":[{"href":"http:\/\/mzbskarkonosze.pl\/index.php?rest_route=%2Fwp%2Fv2%2Fmedia&parent=40"}],"curies":[{"name":"wp","href":"https:\/\/api.w.org\/{rel}","templated":true}]}}