{"id":1069,"date":"2016-11-13T18:51:56","date_gmt":"2016-11-13T17:51:56","guid":{"rendered":"http:\/\/mzbskarkonosze.pl\/?page_id=1069"},"modified":"2017-05-20T18:38:26","modified_gmt":"2017-05-20T16:38:26","slug":"sezon-20162017","status":"publish","type":"page","link":"https:\/\/mzbskarkonosze.pl\/?page_id=1069","title":{"rendered":"Sezon 2016\/2017"},"content":{"rendered":"<h5>Tabela ko\u0144cowa<\/h5>\n<table style=\"width: 474px;\">\n<tbody>\n<tr>\n<td style=\"width: 82px;\">miejsce<\/td>\n<td style=\"width: 202px;\">Dru\u017cyna<\/td>\n<td style=\"width: 138px;\"><\/td>\n<\/tr>\n<tr>\n<td style=\"width: 82px;\">\u00a0\u00a0\u00a0\u00a0\u00a0\u00a0\u00a0\u00a0 1<\/td>\n<td style=\"width: 202px;\">\u00a0LKB Lw\u00f3wek \u015al\u0105ski<\/td>\n<td style=\"width: 138px;\">\u00a0awans do III ligi<\/td>\n<\/tr>\n<tr>\n<td style=\"width: 82px;\">\u00a0\u00a0\u00a0\u00a0\u00a0\u00a0\u00a0\u00a0 2<\/td>\n<td style=\"width: 202px;\">\u00a0JKBS Jawor<\/td>\n<td style=\"width: 138px;\">\u00a0bara\u017ce<\/td>\n<\/tr>\n<tr>\n<td style=\"width: 82px;\">\u00a0\u00a0\u00a0\u00a0\u00a0\u00a0\u00a0\u00a0 3<\/td>\n<td style=\"width: 202px;\">\u00a0ZKBS III Insbud Zgorzelec<\/td>\n<td style=\"width: 138px;\"><\/td>\n<\/tr>\n<tr>\n<td style=\"width: 82px;\">\u00a0\u00a0\u00a0\u00a0\u00a0\u00a0\u00a0\u00a0 4<\/td>\n<td style=\"width: 202px;\">\u00a0KB Zabobrze Jelenia G\u00f3ra<\/td>\n<td style=\"width: 138px;\"><\/td>\n<\/tr>\n<tr>\n<td style=\"width: 82px;\">\u00a0\u00a0\u00a0\u00a0\u00a0\u00a0\u00a0\u00a0 5<\/td>\n<td style=\"width: 202px;\">\u00a0KBS Mi\u0142kowice<\/td>\n<td style=\"width: 138px;\"><\/td>\n<\/tr>\n<tr>\n<td style=\"width: 82px;\">\u00a0\u00a0\u00a0\u00a0\u00a0\u00a0\u00a0\u00a0 6<\/td>\n<td style=\"width: 202px;\">\u00a0\u015aSS Bolko-Dolgaz Wa\u0142brzych<\/td>\n<td style=\"width: 138px;\"><\/td>\n<\/tr>\n<tr>\n<td style=\"width: 82px;\">\u00a0\u00a0\u00a0\u00a0\u00a0\u00a0\u00a0\u00a0 7<\/td>\n<td style=\"width: 202px;\">\u00a0KTB Impas Kamienna G\u00f3ra<\/td>\n<td style=\"width: 138px;\"><\/td>\n<\/tr>\n<tr>\n<td style=\"width: 82px;\">\u00a0\u00a0\u00a0\u00a0\u00a0\u00a0\u00a0\u00a0 8<\/td>\n<td style=\"width: 202px;\">\u00a0KKS Ren But Z\u0142otoryja<\/td>\n<td style=\"width: 138px;\"><\/td>\n<\/tr>\n<tr>\n<td style=\"width: 82px;\">\u00a0\u00a0\u00a0\u00a0\u00a0\u00a0\u00a0\u00a0 9<\/td>\n<td style=\"width: 202px;\">\u00a0SBS Impas Lubin<\/td>\n<td style=\"width: 138px;\"><\/td>\n<\/tr>\n<tr>\n<td style=\"width: 82px;\">\u00a0\u00a0\u00a0\u00a0\u00a0\u00a0 10<\/td>\n<td style=\"width: 202px;\">\u00a0KBS Piast Luba\u0144<\/td>\n<td style=\"width: 138px;\"><\/td>\n<\/tr>\n<tr>\n<td style=\"width: 82px;\">\u00a0\u00a0\u00a0\u00a0\u00a0\u00a0 11<\/td>\n<td style=\"width: 202px;\">\u00a0ZKBS I Zgorzelec<\/td>\n<td style=\"width: 138px;\"><\/td>\n<\/tr>\n<tr>\n<td style=\"width: 82px;\">\u00a0\u00a0\u00a0\u00a0\u00a0\u00a0 12<\/td>\n<td style=\"width: 202px;\">\u00a0BKB III Boles\u0142awiec<\/td>\n<td style=\"width: 138px;\"><\/td>\n<\/tr>\n<tr>\n<td style=\"width: 82px;\">\u00a0\u00a0\u00a0\u00a0\u00a0\u00a0 13<\/td>\n<td style=\"width: 202px;\">\u00a0ZKBS II Zgorzelec<\/td>\n<td style=\"width: 138px;\"><\/td>\n<\/tr>\n<tr>\n<td style=\"width: 82px;\">\u00a0\u00a0\u00a0\u00a0\u00a0\u00a0 14<\/td>\n<td style=\"width: 202px;\">\u00a0KS Bazalt Sulik\u00f3w<\/td>\n<td style=\"width: 138px;\"><\/td>\n<\/tr>\n<\/tbody>\n<\/table>\n<p><a href=\"wyniki\/liga\/2016\/finalrunda1.html\" target=\"_blank\" rel=\"noopener noreferrer\">Fina\u0142<\/a><\/p>\n<p><a href=\"wyniki\/liga\/2016\/sfinal1runda1.html\" target=\"_blank\" rel=\"noopener noreferrer\">P\u00f3\u0142fina\u0142 1<\/a><\/p>\n<p><a href=\"wyniki\/liga\/2016\/sfinal2runda1.html\" target=\"_blank\" rel=\"noopener noreferrer\">P\u00f3\u0142fina\u0142 2<\/a><\/p>\n<p><a href=\"wyniki\/liga\/2016\/qfinal1runda1.html\" target=\"_blank\" rel=\"noopener noreferrer\">\u0106wier\u0107fina\u0142 1<\/a><\/p>\n<p><a href=\"wyniki\/liga\/2016\/qfinal2runda1.html\" target=\"_blank\" rel=\"noopener noreferrer\">\u0106wier\u0107fina\u0142 2<\/a><\/p>\n<p><a href=\"wyniki\/liga\/2016\/ligaleaderb.html\" target=\"_blank\" rel=\"noopener noreferrer\">Tabela rundy zasadniczej\u00a0<\/a><\/p>\n<p><a href=\"wyniki\/liga\/2016\/terminarz2017.pdf\" target=\"_blank\" rel=\"noopener noreferrer\">Terminarz ligi okr\u0119gowej<\/a><\/p>\n<p><a href=\"http:\/\/mzbskarkonosze.pl\/?p=1026\" target=\"_blank\" rel=\"noopener noreferrer\">Komunikat pocz\u0105tkowy<\/a><\/p>\n<div id=\"fb-root\"><\/div><script src=\"http:\/\/connect.facebook.net\/pl_PL\/all.js#xfbml=1\"><\/script><fb:like href=\"https:\/\/mzbskarkonosze.pl\/?page_id=1069\" send=\"true\" layout=\"standard\" width=\"450\" show_faces=\"true\" font=\"arial\" action=\"like\" colorscheme=\"dark\"><\/fb:like>","protected":false},"excerpt":{"rendered":"<p>Tabela ko\u0144cowa miejsce Dru\u017cyna \u00a0\u00a0\u00a0\u00a0\u00a0\u00a0\u00a0\u00a0 1 \u00a0LKB Lw\u00f3wek \u015al\u0105ski \u00a0awans do III ligi \u00a0\u00a0\u00a0\u00a0\u00a0\u00a0\u00a0\u00a0 2 \u00a0JKBS Jawor \u00a0bara\u017ce \u00a0\u00a0\u00a0\u00a0\u00a0\u00a0\u00a0\u00a0 3 \u00a0ZKBS III Insbud Zgorzelec \u00a0\u00a0\u00a0\u00a0\u00a0\u00a0\u00a0\u00a0 4 \u00a0KB Zabobrze Jelenia G\u00f3ra \u00a0\u00a0\u00a0\u00a0\u00a0\u00a0\u00a0\u00a0 5 \u00a0KBS Mi\u0142kowice \u00a0\u00a0\u00a0\u00a0\u00a0\u00a0\u00a0\u00a0 6 \u00a0\u015aSS Bolko-Dolgaz Wa\u0142brzych \u00a0\u00a0\u00a0\u00a0\u00a0\u00a0\u00a0\u00a0 7 \u00a0KTB Impas Kamienna G\u00f3ra \u00a0\u00a0\u00a0\u00a0\u00a0\u00a0\u00a0\u00a0 8 \u00a0KKS Ren But Z\u0142otoryja \u00a0\u00a0\u00a0\u00a0\u00a0\u00a0\u00a0\u00a0 9 \u00a0SBS Impas &hellip; <a href=\"https:\/\/mzbskarkonosze.pl\/?page_id=1069\" class=\"more-link\">Czytaj dalej <span class=\"screen-reader-text\">Sezon 2016\/2017<\/span> <span class=\"meta-nav\">&rarr;<\/span><\/a><\/p>\n","protected":false},"author":2,"featured_media":1046,"parent":0,"menu_order":0,"comment_status":"closed","ping_status":"closed","template":"","meta":[],"_links":{"self":[{"href":"https:\/\/mzbskarkonosze.pl\/index.php?rest_route=\/wp\/v2\/pages\/1069"}],"collection":[{"href":"https:\/\/mzbskarkonosze.pl\/index.php?rest_route=\/wp\/v2\/pages"}],"about":[{"href":"https:\/\/mzbskarkonosze.pl\/index.php?rest_route=\/wp\/v2\/types\/page"}],"author":[{"embeddable":true,"href":"https:\/\/mzbskarkonosze.pl\/index.php?rest_route=\/wp\/v2\/users\/2"}],"replies":[{"embeddable":true,"href":"https:\/\/mzbskarkonosze.pl\/index.php?rest_route=%2Fwp%2Fv2%2Fcomments&post=1069"}],"version-history":[{"count":13,"href":"https:\/\/mzbskarkonosze.pl\/index.php?rest_route=\/wp\/v2\/pages\/1069\/revisions"}],"predecessor-version":[{"id":1372,"href":"https:\/\/mzbskarkonosze.pl\/index.php?rest_route=\/wp\/v2\/pages\/1069\/revisions\/1372"}],"wp:featuredmedia":[{"embeddable":true,"href":"https:\/\/mzbskarkonosze.pl\/index.php?rest_route=\/wp\/v2\/media\/1046"}],"wp:attachment":[{"href":"https:\/\/mzbskarkonosze.pl\/index.php?rest_route=%2Fwp%2Fv2%2Fmedia&parent=1069"}],"curies":[{"name":"wp","href":"https:\/\/api.w.org\/{rel}","templated":true}]}}