{"id":1151,"date":"2017-01-29T14:53:06","date_gmt":"2017-01-29T13:53:06","guid":{"rendered":"http:\/\/mzbskarkonosze.pl\/?page_id=1151"},"modified":"2017-10-18T19:25:39","modified_gmt":"2017-10-18T17:25:39","slug":"mlodziez-w-mzbs-karkonosze","status":"publish","type":"page","link":"https:\/\/mzbskarkonosze.pl\/?page_id=1151","title":{"rendered":"M\u0142odzie\u017c"},"content":{"rendered":"<h5><a href=\"wyniki\/2017\/mm\/W-su171001.html\" target=\"_blank\" rel=\"noopener noreferrer\">Mistrzostwa MZBS Karkonosze M\u0142odzie\u017cy Szkolnej Sulik\u00f3w 1.10.2017 &#8211; wyniki<\/a><\/h5>\n<h5><a href=\"http:\/\/mzbskarkonosze.pl\/?page_id=1149&amp;preview=true\">M\u0142odzie\u017c graj\u0105ca w MD\u015aMS<\/a><\/h5>\n<h5><span style=\"text-decoration: underline;\">M\u0142odzie\u017c w Klubach<\/span><\/h5>\n<ul>\n<li><a href=\"http:\/\/mzbskarkonosze.pl\/?page_id=1258\">BKB Boles\u0142awiec<\/a><\/li>\n<li><a href=\"http:\/\/mzbskarkonosze.pl\/?page_id=1262\">KL Piechowice<\/a><\/li>\n<\/ul>\n<p><a href=\"http:\/\/mzbskarkonosze.pl\/?p=1359\"><br \/>\nRelacja z XXIII Og\u00f3lnopolska Olimpiady M\u0142odzie\u017cy w Sportach Halowych Lubuskie 2017<\/a><\/p>\n<div id=\"fb-root\"><\/div><script src=\"http:\/\/connect.facebook.net\/pl_PL\/all.js#xfbml=1\"><\/script><fb:like href=\"https:\/\/mzbskarkonosze.pl\/?page_id=1151\" send=\"true\" layout=\"standard\" width=\"450\" show_faces=\"true\" font=\"arial\" action=\"like\" colorscheme=\"dark\"><\/fb:like>","protected":false},"excerpt":{"rendered":"<p>Mistrzostwa MZBS Karkonosze M\u0142odzie\u017cy Szkolnej Sulik\u00f3w 1.10.2017 &#8211; wyniki M\u0142odzie\u017c graj\u0105ca w MD\u015aMS M\u0142odzie\u017c w Klubach BKB Boles\u0142awiec KL Piechowice Relacja z XXIII Og\u00f3lnopolska Olimpiady M\u0142odzie\u017cy w Sportach Halowych Lubuskie 2017<\/p>\n","protected":false},"author":2,"featured_media":0,"parent":0,"menu_order":0,"comment_status":"closed","ping_status":"closed","template":"","meta":[],"_links":{"self":[{"href":"https:\/\/mzbskarkonosze.pl\/index.php?rest_route=\/wp\/v2\/pages\/1151"}],"collection":[{"href":"https:\/\/mzbskarkonosze.pl\/index.php?rest_route=\/wp\/v2\/pages"}],"about":[{"href":"https:\/\/mzbskarkonosze.pl\/index.php?rest_route=\/wp\/v2\/types\/page"}],"author":[{"embeddable":true,"href":"https:\/\/mzbskarkonosze.pl\/index.php?rest_route=\/wp\/v2\/users\/2"}],"replies":[{"embeddable":true,"href":"https:\/\/mzbskarkonosze.pl\/index.php?rest_route=%2Fwp%2Fv2%2Fcomments&post=1151"}],"version-history":[{"count":13,"href":"https:\/\/mzbskarkonosze.pl\/index.php?rest_route=\/wp\/v2\/pages\/1151\/revisions"}],"predecessor-version":[{"id":1556,"href":"https:\/\/mzbskarkonosze.pl\/index.php?rest_route=\/wp\/v2\/pages\/1151\/revisions\/1556"}],"wp:attachment":[{"href":"https:\/\/mzbskarkonosze.pl\/index.php?rest_route=%2Fwp%2Fv2%2Fmedia&parent=1151"}],"curies":[{"name":"wp","href":"https:\/\/api.w.org\/{rel}","templated":true}]}}