{"id":1229,"date":"2017-03-11T19:58:35","date_gmt":"2017-03-11T18:58:35","guid":{"rendered":"http:\/\/mzbskarkonosze.pl\/?page_id=1229"},"modified":"2017-03-12T11:30:36","modified_gmt":"2017-03-12T10:30:36","slug":"wyniki-turniejow-okregowych-2016","status":"publish","type":"page","link":"https:\/\/mzbskarkonosze.pl\/?page_id=1229","title":{"rendered":"Wyniki turniej\u00f3w okr\u0119gowych 2016"},"content":{"rendered":"<p><a href=\"wyniki\/kmmzbs\/2016\/final\/W-kmmzbs2016.html\" target=\"_blank\">Fina\u0142 KM MZBS Karkonosze &#8211; 11.12.2016<\/a><\/p>\n<p><a href=\"http:\/\/bkb.boleslawiec.pl\/wyniki\/2016\/161205\/W-bc161205.html\" target=\"_blank\">Memoria\u0142 Krzysztofa Do\u0142harza &#8211; 5.12.2016<\/a><\/p>\n<p><a href=\"wyniki\/2016\/swieb\/W-swieb2016.html\" target=\"_blank\">Turniej o Puchar Burmistrza \u015awiebodzic<\/a><\/p>\n<p><a href=\"wyniki\/2016\/aa\/W-aa161126.html\" target=\"_blank\">Turniej Andrzej z Andrzejkiem<\/a><\/p>\n<p><a href=\"wyniki\/2016\/lubin\/W-lubin2016.html\" target=\"_blank\">Turniej z okazji \u015awi\u0119ta Niepodleg\u0142o\u015bci &#8211; 11.11.2016<\/a><\/p>\n<h5>Mistrzostwa Lubania<\/h5>\n<p><a href=\"wyniki\/2016\/lub2\/W-lb2.html\" target=\"_blank\">Turniej par na maxy<br \/>\n<\/a><a href=\"wyniki\/2016\/lub1\/W-lbi161105.html\" target=\"_blank\">Turniej par na impy<\/a><\/p>\n<p><a href=\"wyniki\/2016\/kopalnia\/W-kopalnia2016.html\" target=\"_blank\">Turniej Stara Kopalnia<\/a><\/p>\n<p><a href=\"wyniki\/2016\/team\/teamyleaderb.html\" target=\"_blank\">Mistrzostwa MZBS Karkonosze Team\u00f3w<\/a><\/p>\n<p><a href=\"http:\/\/brydzlubuski.pl\/wyniki\/2016\/zary\/W-zary2016.html\" target=\"_blank\">Turniej o Puchar Burmistrza Miasta \u017bary<\/a><\/p>\n<h5>Kongres Trzech Granic<\/h5>\n<p><a href=\"https:\/\/picasaweb.google.com\/110633009009047990150\/6300604158223587649?authuser=0&amp;feat=directlink\" target=\"_blank\">Zdj\u0119cia z kongresu<\/a> &#8211; fot. J\u00f3zef S\u0142awenta<br \/>\n<a href=\"wyniki\/2016\/zgo2016.html\" target=\"_blank\">Punktacja d\u0142ugofalowa<br \/>\n<\/a><a href=\"wyniki\/2016\/zgo4\/W-zgo4.html\" target=\"_blank\">III TP &#8211; maxy<br \/>\n<\/a><a href=\"wyniki\/2016\/zgo3\/zgo3.html\" target=\"_blank\">II TP &#8211; cavendish<br \/>\n<\/a><a href=\"wyniki\/2016\/zgo2\/W-zgo2.html\" target=\"_blank\">I TP &#8211; maxy<br \/>\n<\/a><a href=\"wyniki\/2016\/zgo1\/W-zgo1.html\" target=\"_blank\">Indywidualne Mistrzostwa Dolnego \u015al\u0105ska<\/a><\/p>\n<p>Turniej o Puchar Burmistrza Jawora<\/p>\n<p><a href=\"wyniki\/2016\/kamienna\/W-kam2016.html\" target=\"_blank\">Dni Kamiennej G\u00f3ry<\/a><\/p>\n<p><a href=\"wyniki\/2016\/zlotoryja\/W-zlot2016.html\" target=\"_blank\">Tuniej par o Puchar Burmistrza Z\u0142otoryi<\/a><\/p>\n<p><a href=\"wyniki\/2016\/legnica\/W-mk16.html\" target=\"_blank\">Hutnicza Kad\u017a<\/a><\/p>\n<p><a href=\"wyniki\/2016\/szczawno\/W-sz16.html\" target=\"_blank\">Turniej o Puchar Burmistrza Szczawna-Zdroju<\/a><\/p>\n<p>Milicka Wiosna<\/p>\n<p><a href=\"http:\/\/www.brydzlubuski.pl\/wyniki\/2016\/glogow\/W-glog2016.html\" target=\"_blank\">Dzie\u0144 Hutnika<\/a><\/p>\n<p><a href=\"wyniki\/2016\/kunice\/W-ku160415.html\" target=\"_blank\">Turniej Debiutant\u00f3w w Kunicach<\/a><\/p>\n<p><a href=\"wyniki\/2016\/milkowice\/W-milk2016.html\" target=\"_blank\">Turniej Par o Puchar Starosty Legnickiego &#8211; Mi\u0142kowice<\/a><\/p>\n<p><a href=\"wyniki\/2016\/sulikow\/W-su160409.html\" target=\"_blank\">Turniej par &#8222;Skalnik&#8221; w Sulikowie<\/a><\/p>\n<p><a href=\"wyniki\/2016\/mpp\/W-mpp.html\" target=\"_blank\">Fina\u0142 Dolno\u015bl\u0105ski Mistrzostw Polski Par<\/a><\/p>\n<p><a href=\"wyniki\/2016\/oom\/W-oom2016.html\" target=\"_blank\">Eliminacje OOM<\/a><\/p>\n<p><a href=\"wyniki\/2016\/mmm\/W-mmm2016.html\" target=\"_blank\">Mi\u0119dzywojew\u00f3dzkie Mistrzostwa M\u0142odzik\u00f3w<\/a><\/p>\n<p><a href=\"wyniki\/2016\/sobotka\/W-sobotka2016.html\" target=\"_blank\">III \u015al\u0119\u017ca\u0144ski Turniej Bryd\u017ca Sportowego<\/a><\/p>\n<div id=\"fb-root\"><\/div><script src=\"http:\/\/connect.facebook.net\/pl_PL\/all.js#xfbml=1\"><\/script><fb:like href=\"https:\/\/mzbskarkonosze.pl\/?page_id=1229\" send=\"true\" layout=\"standard\" width=\"450\" show_faces=\"true\" font=\"arial\" action=\"like\" colorscheme=\"dark\"><\/fb:like>","protected":false},"excerpt":{"rendered":"<p>Fina\u0142 KM MZBS Karkonosze &#8211; 11.12.2016 Memoria\u0142 Krzysztofa Do\u0142harza &#8211; 5.12.2016 Turniej o Puchar Burmistrza \u015awiebodzic Turniej Andrzej z Andrzejkiem Turniej z okazji \u015awi\u0119ta Niepodleg\u0142o\u015bci &#8211; 11.11.2016 Mistrzostwa Lubania Turniej par na maxy Turniej par na impy Turniej Stara Kopalnia Mistrzostwa MZBS Karkonosze Team\u00f3w Turniej o Puchar Burmistrza Miasta \u017bary Kongres Trzech Granic Zdj\u0119cia z &hellip; <a href=\"https:\/\/mzbskarkonosze.pl\/?page_id=1229\" class=\"more-link\">Czytaj dalej <span class=\"screen-reader-text\">Wyniki turniej\u00f3w okr\u0119gowych 2016<\/span> <span class=\"meta-nav\">&rarr;<\/span><\/a><\/p>\n","protected":false},"author":2,"featured_media":0,"parent":0,"menu_order":0,"comment_status":"closed","ping_status":"closed","template":"","meta":[],"_links":{"self":[{"href":"https:\/\/mzbskarkonosze.pl\/index.php?rest_route=\/wp\/v2\/pages\/1229"}],"collection":[{"href":"https:\/\/mzbskarkonosze.pl\/index.php?rest_route=\/wp\/v2\/pages"}],"about":[{"href":"https:\/\/mzbskarkonosze.pl\/index.php?rest_route=\/wp\/v2\/types\/page"}],"author":[{"embeddable":true,"href":"https:\/\/mzbskarkonosze.pl\/index.php?rest_route=\/wp\/v2\/users\/2"}],"replies":[{"embeddable":true,"href":"https:\/\/mzbskarkonosze.pl\/index.php?rest_route=%2Fwp%2Fv2%2Fcomments&post=1229"}],"version-history":[{"count":3,"href":"https:\/\/mzbskarkonosze.pl\/index.php?rest_route=\/wp\/v2\/pages\/1229\/revisions"}],"predecessor-version":[{"id":1245,"href":"https:\/\/mzbskarkonosze.pl\/index.php?rest_route=\/wp\/v2\/pages\/1229\/revisions\/1245"}],"wp:attachment":[{"href":"https:\/\/mzbskarkonosze.pl\/index.php?rest_route=%2Fwp%2Fv2%2Fmedia&parent=1229"}],"curies":[{"name":"wp","href":"https:\/\/api.w.org\/{rel}","templated":true}]}}