{"id":1531,"date":"2017-10-05T16:39:38","date_gmt":"2017-10-05T14:39:38","guid":{"rendered":"http:\/\/mzbskarkonosze.pl\/?page_id=1531"},"modified":"2018-10-14T16:10:55","modified_gmt":"2018-10-14T14:10:55","slug":"sezon-20172018","status":"publish","type":"page","link":"https:\/\/mzbskarkonosze.pl\/?page_id=1531","title":{"rendered":"Sezon 2017\/2018"},"content":{"rendered":"<p><a href=\"http:\/\/mzbskarkonosze.pl\/?p=1755\" target=\"_blank\" rel=\"noopener\">Klasyfikacja ko\u0144cowa<\/a><\/p>\n<p><a href=\"http:\/\/mzbskarkonosze.pl\/?p=1748\" target=\"_blank\" rel=\"noopener\">P\u00f3\u0142fina\u0142y i fina\u0142<\/a><\/p>\n<p><a href=\"http:\/\/mzbskarkonosze.pl\/?p=1720\" target=\"_blank\" rel=\"noopener\">\u0106wier\u0107fina\u0142y<\/a><\/p>\n<p><a href=\"http:\/\/mzbskarkonosze.pl\/wyniki\/liga\/2018\/lo2018leaderb.html\" target=\"_blank\" rel=\"noopener noreferrer\">Wyniki rundy zasadniczej<\/a><\/p>\n<p><a href=\"http:\/\/mzbskarkonosze.pl\/?p=1591\">Harmonogram zjazdu<\/a><\/p>\n<p><a href=\"wyniki\/liga\/2018\/terminarz2018.pdf\" target=\"_blank\" rel=\"noopener noreferrer\">Terminarz\u00a0<\/a><\/p>\n<p><a href=\"http:\/\/mzbskarkonosze.pl\/?p=1517\">Komunikat pocz\u0105tkowy<\/a><\/p>\n<p><a href=\"http:\/\/mzbskarkonosze.pl\/?page_id=1527\">Dru\u017cyny &#8211; dane kontaktowe<\/a><\/p>\n<p><a href=\"http:\/\/dzbs.com.pl\/wp-content\/uploads\/wyniki\/pliki\/Regulamin_DMP_2017_2018.pdf\" target=\"_blank\" rel=\"noopener\">Regulamin Dru\u017cynowych Mistrzostw polski 2017\/2018<\/a><\/p>\n<div id=\"fb-root\"><\/div><script src=\"http:\/\/connect.facebook.net\/pl_PL\/all.js#xfbml=1\"><\/script><fb:like href=\"https:\/\/mzbskarkonosze.pl\/?page_id=1531\" send=\"true\" layout=\"standard\" width=\"450\" show_faces=\"true\" font=\"arial\" action=\"like\" colorscheme=\"dark\"><\/fb:like>","protected":false},"excerpt":{"rendered":"<p>Klasyfikacja ko\u0144cowa P\u00f3\u0142fina\u0142y i fina\u0142 \u0106wier\u0107fina\u0142y Wyniki rundy zasadniczej Harmonogram zjazdu Terminarz\u00a0 Komunikat pocz\u0105tkowy Dru\u017cyny &#8211; dane kontaktowe Regulamin Dru\u017cynowych Mistrzostw polski 2017\/2018<\/p>\n","protected":false},"author":2,"featured_media":0,"parent":0,"menu_order":0,"comment_status":"closed","ping_status":"closed","template":"","meta":[],"_links":{"self":[{"href":"https:\/\/mzbskarkonosze.pl\/index.php?rest_route=\/wp\/v2\/pages\/1531"}],"collection":[{"href":"https:\/\/mzbskarkonosze.pl\/index.php?rest_route=\/wp\/v2\/pages"}],"about":[{"href":"https:\/\/mzbskarkonosze.pl\/index.php?rest_route=\/wp\/v2\/types\/page"}],"author":[{"embeddable":true,"href":"https:\/\/mzbskarkonosze.pl\/index.php?rest_route=\/wp\/v2\/users\/2"}],"replies":[{"embeddable":true,"href":"https:\/\/mzbskarkonosze.pl\/index.php?rest_route=%2Fwp%2Fv2%2Fcomments&post=1531"}],"version-history":[{"count":8,"href":"https:\/\/mzbskarkonosze.pl\/index.php?rest_route=\/wp\/v2\/pages\/1531\/revisions"}],"predecessor-version":[{"id":1895,"href":"https:\/\/mzbskarkonosze.pl\/index.php?rest_route=\/wp\/v2\/pages\/1531\/revisions\/1895"}],"wp:attachment":[{"href":"https:\/\/mzbskarkonosze.pl\/index.php?rest_route=%2Fwp%2Fv2%2Fmedia&parent=1531"}],"curies":[{"name":"wp","href":"https:\/\/api.w.org\/{rel}","templated":true}]}}