{"id":2262,"date":"2020-01-15T15:23:55","date_gmt":"2020-01-15T14:23:55","guid":{"rendered":"http:\/\/mzbskarkonosze.pl\/?page_id=2262"},"modified":"2020-02-26T19:31:41","modified_gmt":"2020-02-26T18:31:41","slug":"km-mzbs-2020","status":"publish","type":"page","link":"https:\/\/mzbskarkonosze.pl\/?page_id=2262","title":{"rendered":"KM MZBS Karkonosze 2020"},"content":{"rendered":"\n<header class=\"entry-header\">\n<h1 class=\"entry-title\">\u00a0<\/h1>\n<\/header>\n<div class=\"entry-content\">\n<div align=\"center\">\n<table id=\"AutoNumber2\" border=\"0\" width=\"481\" cellpadding=\"2\">\n<tbody>\n<tr style=\"height: 10px;\">\n<td style=\"height: 10px;\" align=\"center\" width=\"26%\">\n<h4 align=\"center\">klasyfikacja \u0142\u0105czna 2020<\/h4>\n<\/td>\n<td style=\"height: 10px;\" align=\"center\" width=\"22%\">\n<p>Fina\u0142<br \/>20 grudnia 2020<\/p>\n<\/td>\n<td style=\"height: 10px;\" align=\"center\" width=\"24%\">\n<p align=\"center\"><a href=\"http:\/\/mzbskarkonosze.pl\/wyniki\/kmmzbs\/2020\/Regulamin2020.pdf\" target=\"_blank\" rel=\"noopener noreferrer\">Regulamin KM MZBS 2020<\/a><\/p>\n<\/td>\n<\/tr>\n<tr style=\"height: 18px;\">\n<td style=\"height: 18px;\" align=\"center\" width=\"26%\">23 listopad<\/td>\n<td style=\"height: 18px;\" align=\"center\" width=\"22%\">\u00a0<\/td>\n<td style=\"height: 18px;\" align=\"center\" width=\"24%\">\u00a0<\/td>\n<\/tr>\n<tr style=\"height: 18px;\">\n<td style=\"height: 18px;\" align=\"center\" width=\"26%\">26 pa\u017adziernik<\/td>\n<td style=\"height: 18px;\" align=\"center\" width=\"22%\">\u00a0<\/td>\n<td style=\"height: 18px;\" align=\"center\" width=\"24%\">\u00a0<\/td>\n<\/tr>\n<tr style=\"height: 18px;\">\n<td style=\"height: 18px;\" align=\"center\" width=\"26%\">28 wrzesie\u0144<\/td>\n<td style=\"height: 18px;\" align=\"center\" width=\"22%\">\u00a0<\/td>\n<td style=\"height: 18px;\" align=\"center\" width=\"24%\">\u00a0<\/td>\n<\/tr>\n<tr style=\"height: 18px;\">\n<td style=\"height: 18px;\" align=\"center\" width=\"26%\">31 sierpie\u0144<\/td>\n<td style=\"height: 18px;\" align=\"center\" width=\"22%\">\u00a0<\/td>\n<td style=\"height: 18px;\" align=\"center\" width=\"24%\">\u00a0<\/td>\n<\/tr>\n<tr style=\"height: 18px;\">\n<td style=\"height: 18px;\" align=\"center\" width=\"26%\">22 czerwiec<\/td>\n<td style=\"height: 18px;\" align=\"center\" width=\"22%\">\u00a0<\/td>\n<td style=\"height: 18px;\" align=\"center\" width=\"24%\">\u00a0<\/td>\n<\/tr>\n<tr style=\"height: 18px;\">\n<td style=\"height: 18px;\" align=\"center\" width=\"26%\">25 maj<\/td>\n<td style=\"height: 18px;\" align=\"center\" width=\"22%\">\u00a0<\/td>\n<td style=\"height: 18px;\" align=\"center\" width=\"24%\">\u00a0<\/td>\n<\/tr>\n<tr style=\"height: 18px;\">\n<td style=\"height: 18px;\" align=\"center\" width=\"26%\">27 kwiecie\u0144<\/td>\n<td style=\"height: 18px;\" align=\"center\" width=\"22%\">\u00a0<\/td>\n<td style=\"height: 18px;\" align=\"center\" width=\"24%\">\u00a0<\/td>\n<\/tr>\n<tr style=\"height: 18px;\">\n<td style=\"height: 18px;\" align=\"center\" width=\"26%\">23 marzec<\/td>\n<td style=\"height: 18px;\" align=\"center\" width=\"22%\">\u00a0<\/td>\n<td style=\"height: 18px;\" align=\"center\" width=\"24%\">\u00a0<\/td>\n<\/tr>\n<tr style=\"height: 18px;\">\n<td style=\"height: 18px;\" align=\"center\" width=\"26%\"><a href=\"http:\/\/r.bridgespider.com\/22830\/\" target=\"_blank\" rel=\"noopener noreferrer\">24 luty<\/a><\/td>\n<td style=\"height: 18px;\" align=\"center\" width=\"22%\"><a href=\"http:\/\/mzbskarkonosze.pl\/wyniki\/kmmzbs\/2020\/kark2002.pdf\" target=\"_blank\" rel=\"noopener noreferrer\">analiza 2002<\/a><\/td>\n<td style=\"height: 18px;\" align=\"center\" width=\"24%\">\u00a0<\/td>\n<\/tr>\n<tr style=\"height: 18px;\">\n<td style=\"height: 18px;\" align=\"center\" width=\"26%\"><a href=\"https:\/\/r.bridgespider.com\/22829\/\" target=\"_blank\" rel=\"noopener noreferrer\">27 stycze\u0144<\/a><\/td>\n<td style=\"height: 18px;\" align=\"center\" width=\"22%\"><a href=\"http:\/\/mzbskarkonosze.pl\/wyniki\/kmmzbs\/2020\/kark2001.pdf\" target=\"_blank\" rel=\"noopener noreferrer\">analiza 2001<\/a><\/td>\n<td style=\"height: 18px;\" align=\"center\" width=\"24%\">\u00a0<\/td>\n<\/tr>\n<\/tbody>\n<\/table>\n<\/div>\n<\/div>\n<div id=\"fb-root\"><\/div><script src=\"http:\/\/connect.facebook.net\/pl_PL\/all.js#xfbml=1\"><\/script><fb:like href=\"https:\/\/mzbskarkonosze.pl\/?page_id=2262\" send=\"true\" layout=\"standard\" width=\"450\" show_faces=\"true\" font=\"arial\" action=\"like\" colorscheme=\"dark\"><\/fb:like>","protected":false},"excerpt":{"rendered":"<p>\u00a0 klasyfikacja \u0142\u0105czna 2020 Fina\u014220 grudnia 2020 Regulamin KM MZBS 2020 23 listopad \u00a0 \u00a0 26 pa\u017adziernik \u00a0 \u00a0 28 wrzesie\u0144 \u00a0 \u00a0 31 sierpie\u0144 \u00a0 \u00a0 22 czerwiec \u00a0 \u00a0 25 maj \u00a0 \u00a0 27 kwiecie\u0144 \u00a0 \u00a0 23 marzec \u00a0 \u00a0 24 luty analiza 2002 \u00a0 27 stycze\u0144 analiza 2001 \u00a0<\/p>\n","protected":false},"author":2,"featured_media":0,"parent":0,"menu_order":0,"comment_status":"closed","ping_status":"closed","template":"","meta":[],"_links":{"self":[{"href":"https:\/\/mzbskarkonosze.pl\/index.php?rest_route=\/wp\/v2\/pages\/2262"}],"collection":[{"href":"https:\/\/mzbskarkonosze.pl\/index.php?rest_route=\/wp\/v2\/pages"}],"about":[{"href":"https:\/\/mzbskarkonosze.pl\/index.php?rest_route=\/wp\/v2\/types\/page"}],"author":[{"embeddable":true,"href":"https:\/\/mzbskarkonosze.pl\/index.php?rest_route=\/wp\/v2\/users\/2"}],"replies":[{"embeddable":true,"href":"https:\/\/mzbskarkonosze.pl\/index.php?rest_route=%2Fwp%2Fv2%2Fcomments&post=2262"}],"version-history":[{"count":5,"href":"https:\/\/mzbskarkonosze.pl\/index.php?rest_route=\/wp\/v2\/pages\/2262\/revisions"}],"predecessor-version":[{"id":2285,"href":"https:\/\/mzbskarkonosze.pl\/index.php?rest_route=\/wp\/v2\/pages\/2262\/revisions\/2285"}],"wp:attachment":[{"href":"https:\/\/mzbskarkonosze.pl\/index.php?rest_route=%2Fwp%2Fv2%2Fmedia&parent=2262"}],"curies":[{"name":"wp","href":"https:\/\/api.w.org\/{rel}","templated":true}]}}