{"id":2890,"date":"2024-03-20T13:46:20","date_gmt":"2024-03-20T12:46:20","guid":{"rendered":"https:\/\/mzbskarkonosze.pl\/?page_id=2890"},"modified":"2024-03-20T13:46:20","modified_gmt":"2024-03-20T12:46:20","slug":"km-mzbs-karkonosze-2024","status":"publish","type":"page","link":"https:\/\/mzbskarkonosze.pl\/?page_id=2890","title":{"rendered":"KM MZBS Karkonosze 2024"},"content":{"rendered":"\n<h2><a href=\"http:\/\/mzbskarkonosze.pl\/wyniki\/2024\/kmmzbs\/\" target=\"_blank\" rel=\"noopener\">Wyniki \u0142\u0105czne 2024<\/a><\/h2>\n<h4><a href=\"http:\/\/bkb.boleslawiec.pl\/wyniki\/2024\/240318km\/\" target=\"_blank\" rel=\"noopener\">WYNIKI \u2013 18.03.2024<\/a><br \/><a href=\"http:\/\/mzbskarkonosze.pl\/wyniki\/2024\/240219\/\" target=\"_blank\" rel=\"noopener\">WYNIKI \u2013 19.02.2024<\/a><br \/><a href=\"http:\/\/mzbskarkonosze.pl\/wyniki\/2024\/240129\/\" target=\"_blank\" rel=\"noopener\">WYNIKI \u2013 29.01.2024<\/a><\/h4>\n<p>W roku 2024 zostan\u0105 rozegrane XV Korespondencyjne Mistrzostwa MZBS Karkonosze. Pierwszy turniej eliminacyjny odb\u0119dzie si\u0119 29.01, nast\u0119pne w 3 poniedzia\u0142ki miesi\u0105ca<\/p>\n<p>Wi\u0119cej w\u00a0<a href=\"http:\/\/mzbskarkonosze.pl\/wp-content\/uploads\/2024\/01\/Regulamin-KM-MZBS-2024.pdf\">regulaminie KM MZBS Karkonosze 2024<\/a><\/p>\n<p>Obecnie zg\u0142osi\u0142y si\u0119 o\u015brodki:<\/p>\n<ul>\n<li>Boles\u0142\u0105wiec<\/li>\n<li>Jelenia G\u00f3ra<\/li>\n<li>Mi\u0142kowice<\/li>\n<li>Zgorzelec<\/li>\n<\/ul>\n<div id=\"fb-root\"><\/div><script src=\"http:\/\/connect.facebook.net\/pl_PL\/all.js#xfbml=1\"><\/script><fb:like href=\"https:\/\/mzbskarkonosze.pl\/?page_id=2890\" send=\"true\" layout=\"standard\" width=\"450\" show_faces=\"true\" font=\"arial\" action=\"like\" colorscheme=\"dark\"><\/fb:like>","protected":false},"excerpt":{"rendered":"<p>Wyniki \u0142\u0105czne 2024 WYNIKI \u2013 18.03.2024WYNIKI \u2013 19.02.2024WYNIKI \u2013 29.01.2024 W roku 2024 zostan\u0105 rozegrane XV Korespondencyjne Mistrzostwa MZBS Karkonosze. Pierwszy turniej eliminacyjny odb\u0119dzie si\u0119 29.01, nast\u0119pne w 3 poniedzia\u0142ki miesi\u0105ca Wi\u0119cej w\u00a0regulaminie KM MZBS Karkonosze 2024 Obecnie zg\u0142osi\u0142y si\u0119 o\u015brodki: Boles\u0142\u0105wiec Jelenia G\u00f3ra Mi\u0142kowice Zgorzelec<\/p>\n","protected":false},"author":2,"featured_media":0,"parent":0,"menu_order":0,"comment_status":"closed","ping_status":"closed","template":"","meta":[],"_links":{"self":[{"href":"https:\/\/mzbskarkonosze.pl\/index.php?rest_route=\/wp\/v2\/pages\/2890"}],"collection":[{"href":"https:\/\/mzbskarkonosze.pl\/index.php?rest_route=\/wp\/v2\/pages"}],"about":[{"href":"https:\/\/mzbskarkonosze.pl\/index.php?rest_route=\/wp\/v2\/types\/page"}],"author":[{"embeddable":true,"href":"https:\/\/mzbskarkonosze.pl\/index.php?rest_route=\/wp\/v2\/users\/2"}],"replies":[{"embeddable":true,"href":"https:\/\/mzbskarkonosze.pl\/index.php?rest_route=%2Fwp%2Fv2%2Fcomments&post=2890"}],"version-history":[{"count":1,"href":"https:\/\/mzbskarkonosze.pl\/index.php?rest_route=\/wp\/v2\/pages\/2890\/revisions"}],"predecessor-version":[{"id":2891,"href":"https:\/\/mzbskarkonosze.pl\/index.php?rest_route=\/wp\/v2\/pages\/2890\/revisions\/2891"}],"wp:attachment":[{"href":"https:\/\/mzbskarkonosze.pl\/index.php?rest_route=%2Fwp%2Fv2%2Fmedia&parent=2890"}],"curies":[{"name":"wp","href":"https:\/\/api.w.org\/{rel}","templated":true}]}}