{"id":42,"date":"2015-04-20T12:07:24","date_gmt":"2015-04-20T10:07:24","guid":{"rendered":"http:\/\/mzbskarkonosze.pl\/?page_id=42"},"modified":"2018-12-06T22:09:58","modified_gmt":"2018-12-06T21:09:58","slug":"km-mzbs","status":"publish","type":"page","link":"https:\/\/mzbskarkonosze.pl\/?page_id=42","title":{"rendered":"KM MZBS 2015"},"content":{"rendered":"<div align=\"center\">\n<table id=\"AutoNumber2\" style=\"height: 463px;\" border=\"0\" width=\"481\" cellpadding=\"2\">\n<tbody>\n<tr>\n<td align=\"center\" width=\"26%\" height=\"62\">\n<p align=\"center\"><a title=\"klasyfikacja \u0142\u0105czna 2015\" href=\"wyniki\/kmmzbs\/2015\/km2015.html\" target=\"_blank\" rel=\"noopener\"><span style=\"font-size: x-large;\"><span style=\"font-size: 12pt;\">klasyfikacja \u0142\u0105czna 2015<\/span><\/span><\/a><\/p>\n<\/td>\n<td align=\"center\" width=\"22%\" height=\"62\"><span style=\"font-size: 12pt;\"><a href=\"wyniki\/kmmzbs\/2015\/final\/W-kmmzbs2015.html\" target=\"_blank\" rel=\"noopener\"><span style=\"font-size: 14pt;\">Wyniki fina\u0142u<\/span><\/a><\/span><\/td>\n<td align=\"center\" width=\"24%\" height=\"62\">\n<p align=\"center\"><a href=\"wyniki\/kmmzbs\/2015\/RegulaminKMMZBS2015.pdf\" target=\"_blank\" rel=\"noopener\">Regulamin KMMZBS 2015<\/a><\/p>\n<p>&nbsp;<\/td>\n<\/tr>\n<tr>\n<td align=\"center\" width=\"26%\"><a href=\"http:\/\/r.bridgespider.com\/7037\/\" target=\"_blank\" rel=\"noopener\">23 listopad<\/a><\/td>\n<td align=\"center\" width=\"22%\"><a href=\"wyniki\/kmmzbs\/2015\/kark1511.pdf\" target=\"_blank\" rel=\"noopener\">analiza 1511<\/a><\/td>\n<td align=\"center\" width=\"24%\"><a href=\"wyniki\/kmmzbs\/2015\/STA1511.TXT\" target=\"_blank\" rel=\"noopener\">statystyka 1511<\/a><\/td>\n<\/tr>\n<tr>\n<td align=\"center\" width=\"26%\"><a href=\"http:\/\/r.bridgespider.com\/6698\/\" target=\"_blank\" rel=\"noopener\">26 pa\u017adziernik<\/a><\/td>\n<td align=\"center\" width=\"22%\"><a href=\"wyniki\/kmmzbs\/2015\/kark1510.pdf\" target=\"_blank\" rel=\"noopener\">analiza 1510<\/a><\/td>\n<td align=\"center\" width=\"24%\"><a href=\"wyniki\/kmmzbs\/2015\/STA1510.TXT\" target=\"_blank\" rel=\"noopener\">statystyka 1510<\/a><\/td>\n<\/tr>\n<tr>\n<td align=\"center\" width=\"26%\"><a href=\"http:\/\/r.bridgespider.com\/6445\/\" target=\"_blank\" rel=\"noopener\">28 wrzesie\u0144<\/a><\/td>\n<td align=\"center\" width=\"22%\"><a href=\"wyniki\/kmmzbs\/2015\/kark1509.pdf\" target=\"_blank\" rel=\"noopener\">analiza 1509\u00a0<\/a><\/td>\n<td align=\"center\" width=\"24%\"><a href=\"wyniki\/kmmzbs\/2015\/STA1509.TXT\" target=\"_blank\" rel=\"noopener\">statystyka 1509<\/a><\/td>\n<\/tr>\n<tr>\n<td align=\"center\" width=\"26%\"><a href=\"http:\/\/r.bridgespider.com\/6206\/\" target=\"_blank\" rel=\"noopener\">24 sierpie\u0144<\/a><\/td>\n<td align=\"center\" width=\"22%\"><a href=\"wyniki\/kmmzbs\/2015\/kark1508.pdf\" target=\"_blank\" rel=\"noopener\">analiza 1508<\/a><\/td>\n<td align=\"center\" width=\"24%\"><a href=\"wyniki\/kmmzbs\/2015\/STA1508.TXT\" target=\"_blank\" rel=\"noopener\"> statystyka 1508<\/a><\/td>\n<\/tr>\n<tr>\n<td align=\"center\" width=\"26%\"><a href=\"http:\/\/r.bridgespider.com\/5735\/\" target=\"_blank\" rel=\"noopener\">22 czerwiec<\/a><\/td>\n<td align=\"center\" width=\"22%\"><a href=\"wyniki\/kmmzbs\/2015\/kark1506.pdf\" target=\"_blank\" rel=\"noopener\">analiza 1506\u00a0<\/a><\/td>\n<td align=\"center\" width=\"24%\"><a href=\"wyniki\/kmmzbs\/2015\/STA1506.TXT\" target=\"_blank\" rel=\"noopener\">statystyka 1506<\/a><\/td>\n<\/tr>\n<tr>\n<td align=\"center\" width=\"26%\"><a href=\"http:\/\/r.bridgespider.com\/5544\/\" target=\"_blank\" rel=\"noopener\">25 maj<\/a><\/td>\n<td align=\"center\" width=\"22%\"><a href=\"wyniki\/kmmzbs\/2015\/kark1505.pdf\" target=\"_blank\" rel=\"noopener\">analiza 1505<\/a><\/td>\n<td align=\"center\" width=\"24%\"><a href=\"wyniki\/kmmzbs\/2015\/STA1505.TXT\" target=\"_blank\" rel=\"noopener\">statystyka 1504<\/a><\/td>\n<\/tr>\n<tr>\n<td align=\"center\" width=\"26%\"><a href=\"http:\/\/r.bridgespider.com\/5202\/\" target=\"_blank\" rel=\"noopener\">27 kwiecie\u0144<\/a><\/td>\n<td align=\"center\" width=\"22%\"><a href=\"wyniki\/kmmzbs\/2015\/kark1504.pdf\" target=\"_blank\" rel=\"noopener\">analiza 1504\u00a0<\/a><\/td>\n<td align=\"center\" width=\"24%\"><a href=\"wyniki\/kmmzbs\/2015\/STA1504.TXT\" target=\"_blank\" rel=\"noopener\">statystyka 1504<\/a><\/td>\n<\/tr>\n<tr>\n<td align=\"center\" width=\"26%\"><a href=\"http:\/\/r.bridgespider.com\/4971\/\" target=\"_blank\" rel=\"noopener\">23 marzec<\/a><\/td>\n<td align=\"center\" width=\"22%\"><a href=\"wyniki\/kmmzbs\/2015\/kark1503.pdf\" target=\"_blank\" rel=\"noopener\">\u00a0analiza 1503<\/a><\/td>\n<td align=\"center\" width=\"24%\"><a href=\"wyniki\/kmmzbs\/2015\/STA1503.TXT\" target=\"_blank\" rel=\"noopener\">statystyka 1503<\/a><\/td>\n<\/tr>\n<tr>\n<td align=\"center\" width=\"26%\"><a href=\"http:\/\/r.bridgespider.com\/4658\/\" target=\"_blank\" rel=\"noopener\">23 luty<\/a><\/td>\n<td align=\"center\" width=\"22%\"><a href=\"wyniki\/kmmzbs\/2015\/kark1502.pdf\" target=\"_blank\" rel=\"noopener\">\u00a0analiza 1502<\/a><\/td>\n<td align=\"center\" width=\"24%\"><a href=\"wyniki\/kmmzbs\/2015\/STA1502.TXT\" target=\"_blank\" rel=\"noopener\">statystyka 1502<\/a><\/td>\n<\/tr>\n<tr>\n<td align=\"center\" width=\"26%\"><a href=\"http:\/\/r.bridgespider.com\/4460\/\" target=\"_blank\" rel=\"noopener\">26 stycze\u0144<\/a><\/td>\n<td align=\"center\" width=\"22%\"><a href=\"wyniki\/kmmzbs\/2015\/kark1501.pdf\" target=\"_blank\" rel=\"noopener\">analiza 1501<\/a><\/td>\n<td align=\"center\" width=\"24%\"><a href=\"wyniki\/kmmzbs\/2015\/STA1501.TXT\" target=\"_blank\" rel=\"noopener\">statystyka 1501<\/a><\/td>\n<\/tr>\n<\/tbody>\n<\/table>\n<\/div>\n<div id=\"fb-root\"><\/div><script src=\"http:\/\/connect.facebook.net\/pl_PL\/all.js#xfbml=1\"><\/script><fb:like href=\"https:\/\/mzbskarkonosze.pl\/?page_id=42\" send=\"true\" layout=\"standard\" width=\"450\" show_faces=\"true\" font=\"arial\" action=\"like\" colorscheme=\"dark\"><\/fb:like>","protected":false},"excerpt":{"rendered":"<p>klasyfikacja \u0142\u0105czna 2015 Wyniki fina\u0142u Regulamin KMMZBS 2015 &nbsp; 23 listopad analiza 1511 statystyka 1511 26 pa\u017adziernik analiza 1510 statystyka 1510 28 wrzesie\u0144 analiza 1509\u00a0 statystyka 1509 24 sierpie\u0144 analiza 1508 statystyka 1508 22 czerwiec analiza 1506\u00a0 statystyka 1506 25 maj analiza 1505 statystyka 1504 27 kwiecie\u0144 analiza 1504\u00a0 statystyka 1504 23 marzec \u00a0analiza 1503 &hellip; <a href=\"https:\/\/mzbskarkonosze.pl\/?page_id=42\" class=\"more-link\">Czytaj dalej <span class=\"screen-reader-text\">KM MZBS 2015<\/span> <span class=\"meta-nav\">&rarr;<\/span><\/a><\/p>\n","protected":false},"author":2,"featured_media":0,"parent":0,"menu_order":0,"comment_status":"open","ping_status":"open","template":"","meta":[],"_links":{"self":[{"href":"https:\/\/mzbskarkonosze.pl\/index.php?rest_route=\/wp\/v2\/pages\/42"}],"collection":[{"href":"https:\/\/mzbskarkonosze.pl\/index.php?rest_route=\/wp\/v2\/pages"}],"about":[{"href":"https:\/\/mzbskarkonosze.pl\/index.php?rest_route=\/wp\/v2\/types\/page"}],"author":[{"embeddable":true,"href":"https:\/\/mzbskarkonosze.pl\/index.php?rest_route=\/wp\/v2\/users\/2"}],"replies":[{"embeddable":true,"href":"https:\/\/mzbskarkonosze.pl\/index.php?rest_route=%2Fwp%2Fv2%2Fcomments&post=42"}],"version-history":[{"count":32,"href":"https:\/\/mzbskarkonosze.pl\/index.php?rest_route=\/wp\/v2\/pages\/42\/revisions"}],"predecessor-version":[{"id":1971,"href":"https:\/\/mzbskarkonosze.pl\/index.php?rest_route=\/wp\/v2\/pages\/42\/revisions\/1971"}],"wp:attachment":[{"href":"https:\/\/mzbskarkonosze.pl\/index.php?rest_route=%2Fwp%2Fv2%2Fmedia&parent=42"}],"curies":[{"name":"wp","href":"https:\/\/api.w.org\/{rel}","templated":true}]}}