{"id":47,"date":"2015-04-20T12:08:12","date_gmt":"2015-04-20T10:08:12","guid":{"rendered":"http:\/\/mzbskarkonosze.pl\/?page_id=47"},"modified":"2015-10-20T00:05:58","modified_gmt":"2015-10-19T22:05:58","slug":"kalendarz","status":"publish","type":"page","link":"https:\/\/mzbskarkonosze.pl\/?page_id=47","title":{"rendered":"Kalendarz 2015"},"content":{"rendered":"<div align=\"center\">\n<table border=\"0\" width=\"500\">\n<tbody>\n<tr>\n<td style=\"vertical-align: middle; text-align: center;\" width=\"87\"><span style=\"font-family: 'Calibri';\">20<\/span><\/td>\n<td style=\"vertical-align: middle; text-align: center;\" width=\"136\"><span style=\"font-family: 'Calibri';\"> <span style=\"font-family: 'Calibri';\">grudzie\u0144<\/span> <\/span><\/td>\n<td><span style=\"font-family: 'Calibri';\">Fina\u0142 KM MZBS Karkonosze<\/span><\/td>\n<\/tr>\n<tr>\n<td style=\"vertical-align: middle; text-align: center;\" width=\"87\"><span style=\"font-family: 'Calibri';\">13<\/span><\/td>\n<td style=\"vertical-align: middle; text-align: center;\" width=\"136\"><span style=\"font-family: 'Calibri';\"> <span style=\"font-family: 'Calibri';\">grudzie\u0144<\/span> <\/span><\/td>\n<td><a href=\"http:\/\/mzbskarkonosze.pl\/?p=355\"><span style=\"font-family: 'Calibri';\">Mistrzostwa MZBS Karkonosze Team\u00f3w 2015<\/span><\/a><\/td>\n<\/tr>\n<tr>\n<td style=\"vertical-align: middle; text-align: center;\" width=\"87\"><span style=\"font-family: 'Calibri';\">5<\/span><\/td>\n<td style=\"vertical-align: middle; text-align: center;\" width=\"136\"><span style=\"font-family: 'Calibri';\">grudzie\u0144<\/span><\/td>\n<td><span style=\"font-family: 'Calibri';\">Turniej Miko\u0142ajkowy w Swiebodzicach<\/span><\/td>\n<\/tr>\n<tr>\n<td style=\"vertical-align: middle; text-align: center;\" width=\"87\"><span style=\"font-family: 'Calibri';\">11<\/span><\/td>\n<td style=\"vertical-align: middle; text-align: center;\" width=\"136\"><span style=\"font-family: 'Calibri';\"> <span style=\"font-family: 'Calibri';\">listopad<\/span> <\/span><\/td>\n<td><span style=\"font-family: 'Calibri';\">Turniej z okazji \u015awi\u0119ta Niepodleg\u0142o\u015bci w Lubinie<\/span><\/td>\n<\/tr>\n<tr>\n<td style=\"vertical-align: middle; text-align: center;\" width=\"87\"><span style=\"font-family: 'Calibri';\">6-7<\/span><\/td>\n<td style=\"vertical-align: middle; text-align: center;\" width=\"136\"><span style=\"font-family: 'Calibri';\">listopad<\/span><\/td>\n<td><a href=\"http:\/\/mzbskarkonosze.pl\/?p=198\"><span style=\"font-family: 'Calibri';\">Luba\u0144ski Mityng Bryd\u017cowy<\/span><\/a><\/td>\n<\/tr>\n<tr>\n<td style=\"vertical-align: middle; text-align: center;\" width=\"87\"><span style=\"font-family: 'Calibri';\">25<\/span><\/td>\n<td style=\"vertical-align: middle; text-align: center;\" width=\"136\"><span style=\"font-family: 'Calibri';\">pa\u017adziernik<\/span><\/td>\n<td><a href=\"http:\/\/mzbskarkonosze.pl\/?p=409\"><span style=\"font-family: 'Calibri';\">Turniej w Starej Kopalni w Wa\u0142brzychu<\/span><\/a><\/td>\n<\/tr>\n<tr>\n<td style=\"vertical-align: middle; text-align: center;\" width=\"87\"><span style=\"font-family: 'Calibri';\">26-28<\/span><\/td>\n<td style=\"vertical-align: middle; text-align: center;\" width=\"136\"><span style=\"font-family: 'Calibri';\">czerwiec<\/span><\/td>\n<td><a href=\"http:\/\/mzbskarkonosze.pl\/?p=198\"><span style=\"font-family: 'Calibri';\">Turniej Trzech Granic &#8211; Zgorzelec<\/span><\/a><\/td>\n<\/tr>\n<tr>\n<td style=\"vertical-align: middle; text-align: center;\" width=\"87\"><span style=\"font-family: 'Calibri';\">17-20<\/span><\/td>\n<td style=\"vertical-align: middle; text-align: center;\" width=\"136\"><span style=\"font-family: 'Calibri';\">wrzesie\u0144<\/span><\/td>\n<td><a href=\"http:\/\/mzbskarkonosze.internetdsl.pl\/trzydniowka\/\"><span style=\"font-family: 'Calibri';\">XXIV Boles\u0142awiecka Trzydni\u00f3wka Bryd\u017ca Sportowego<\/span><\/a><\/td>\n<\/tr>\n<tr>\n<td style=\"vertical-align: middle; text-align: center;\" width=\"87\"><span style=\"font-family: 'Calibri';\">14<\/span><\/td>\n<td style=\"vertical-align: middle; text-align: center;\" width=\"136\"><span style=\"font-family: 'Calibri';\">czerwiec<\/span><\/td>\n<td><a href=\"http:\/\/mzbskarkonosze.pl\/?p=112\"><span style=\"font-family: 'Calibri';\">Dni Kamiennej G\u00f3ry<\/span><\/a><\/td>\n<\/tr>\n<tr>\n<td style=\"vertical-align: middle; text-align: center;\" width=\"87\"><span style=\"font-family: 'Calibri';\">31<\/span><\/td>\n<td style=\"vertical-align: middle; text-align: center;\" width=\"136\"><span style=\"font-family: 'Calibri';\">maj<\/span><\/td>\n<td><a href=\"http:\/\/mzbskarkonosze.pl\/?p=211\"><span style=\"font-family: 'Calibri';\">Dzie\u0144 Hutnika &#8211; G\u0142og\u00f3w<\/span><\/a><\/td>\n<\/tr>\n<tr>\n<td style=\"vertical-align: middle; text-align: center;\" width=\"87\"><span style=\"font-family: 'Calibri';\">30<\/span><\/td>\n<td style=\"vertical-align: middle; text-align: center;\" width=\"136\"><span style=\"font-family: 'Calibri';\">maj<\/span><\/td>\n<td><a href=\"http:\/\/mzbskarkonosze.pl\/?p=188\"><span style=\"font-family: 'Calibri';\">Dni Z\u0142otoryi<\/span><\/a><\/td>\n<\/tr>\n<tr>\n<td style=\"vertical-align: middle; text-align: center;\" width=\"87\"><span style=\"font-family: 'Calibri';\">30<\/span><\/td>\n<td style=\"vertical-align: middle; text-align: center;\" width=\"136\"><span style=\"font-family: 'Calibri';\">maj<\/span><\/td>\n<td><a href=\"http:\/\/mzbskarkonosze.pl\/?p=115\"><span style=\"font-family: 'Calibri';\">Dni Szczawna-Zdroju<\/span><\/a><\/td>\n<\/tr>\n<tr>\n<td style=\"vertical-align: middle; text-align: center;\" width=\"87\"><span style=\"font-family: 'Calibri';\">22-24<\/span><\/td>\n<td style=\"vertical-align: middle; text-align: center;\" width=\"136\"><span style=\"font-family: 'Calibri';\">maj<\/span><\/td>\n<td><a href=\"http:\/\/mzbskarkonosze.pl\/?p=220\"><span style=\"font-family: 'Calibri';\">B\u0142\u0119kitna Wst\u0119ga Odry<\/span><\/a><\/td>\n<\/tr>\n<tr>\n<td style=\"vertical-align: middle; text-align: center;\" width=\"87\"><span style=\"font-family: 'Calibri';\">17<\/span><\/td>\n<td style=\"vertical-align: middle; text-align: center;\" width=\"136\"><span style=\"font-family: 'Calibri';\">maj<\/span><\/td>\n<td><span style=\"font-family: 'Calibri';\">Miedziana Kad\u017a &#8211; Legnica<\/span><\/td>\n<\/tr>\n<tr>\n<td style=\"vertical-align: middle; text-align: center;\" width=\"87\"><span style=\"font-family: 'Calibri';\">9<\/span><\/td>\n<td style=\"vertical-align: middle; text-align: center;\" width=\"136\"><span style=\"font-family: 'Calibri';\">maj<\/span><\/td>\n<td><a href=\"http:\/\/www.dzbs.com.pl\/index.php?option=com_content&amp;view=article&amp;id=711:milicka-wiosna-2015-o-puchar-starosty-milickiego&amp;catid=89:aktualnoci&amp;Itemid=169\" target=\"_blank\"><span style=\"font-family: 'Calibri';\">Milicka Wiosna<\/span><\/a><\/td>\n<\/tr>\n<\/tbody>\n<\/table>\n<\/div>\n<div id=\"fb-root\"><\/div><script src=\"http:\/\/connect.facebook.net\/pl_PL\/all.js#xfbml=1\"><\/script><fb:like href=\"https:\/\/mzbskarkonosze.pl\/?page_id=47\" send=\"true\" layout=\"standard\" width=\"450\" show_faces=\"true\" font=\"arial\" action=\"like\" colorscheme=\"dark\"><\/fb:like>","protected":false},"excerpt":{"rendered":"<p>20 grudzie\u0144 Fina\u0142 KM MZBS Karkonosze 13 grudzie\u0144 Mistrzostwa MZBS Karkonosze Team\u00f3w 2015 5 grudzie\u0144 Turniej Miko\u0142ajkowy w Swiebodzicach 11 listopad Turniej z okazji \u015awi\u0119ta Niepodleg\u0142o\u015bci w Lubinie 6-7 listopad Luba\u0144ski Mityng Bryd\u017cowy 25 pa\u017adziernik Turniej w Starej Kopalni w Wa\u0142brzychu 26-28 czerwiec Turniej Trzech Granic &#8211; Zgorzelec 17-20 wrzesie\u0144 XXIV Boles\u0142awiecka Trzydni\u00f3wka Bryd\u017ca Sportowego &hellip; <a href=\"https:\/\/mzbskarkonosze.pl\/?page_id=47\" class=\"more-link\">Czytaj dalej <span class=\"screen-reader-text\">Kalendarz 2015<\/span> <span class=\"meta-nav\">&rarr;<\/span><\/a><\/p>\n","protected":false},"author":2,"featured_media":0,"parent":0,"menu_order":0,"comment_status":"open","ping_status":"open","template":"","meta":[],"_links":{"self":[{"href":"https:\/\/mzbskarkonosze.pl\/index.php?rest_route=\/wp\/v2\/pages\/47"}],"collection":[{"href":"https:\/\/mzbskarkonosze.pl\/index.php?rest_route=\/wp\/v2\/pages"}],"about":[{"href":"https:\/\/mzbskarkonosze.pl\/index.php?rest_route=\/wp\/v2\/types\/page"}],"author":[{"embeddable":true,"href":"https:\/\/mzbskarkonosze.pl\/index.php?rest_route=\/wp\/v2\/users\/2"}],"replies":[{"embeddable":true,"href":"https:\/\/mzbskarkonosze.pl\/index.php?rest_route=%2Fwp%2Fv2%2Fcomments&post=47"}],"version-history":[{"count":15,"href":"https:\/\/mzbskarkonosze.pl\/index.php?rest_route=\/wp\/v2\/pages\/47\/revisions"}],"predecessor-version":[{"id":441,"href":"https:\/\/mzbskarkonosze.pl\/index.php?rest_route=\/wp\/v2\/pages\/47\/revisions\/441"}],"wp:attachment":[{"href":"https:\/\/mzbskarkonosze.pl\/index.php?rest_route=%2Fwp%2Fv2%2Fmedia&parent=47"}],"curies":[{"name":"wp","href":"https:\/\/api.w.org\/{rel}","templated":true}]}}