{"id":8,"date":"2015-04-20T10:33:42","date_gmt":"2015-04-20T08:33:42","guid":{"rendered":"http:\/\/mzbskarkonosze.pl\/?page_id=8"},"modified":"2024-09-02T13:28:32","modified_gmt":"2024-09-02T11:28:32","slug":"dane-adresowe","status":"publish","type":"page","link":"https:\/\/mzbskarkonosze.pl\/?page_id=8","title":{"rendered":"Dane adresowe"},"content":{"rendered":"<p>Mi\u0119dzypowiatowy Zwi\u0105zek Bryd\u017ca Sportowego &#8222;KARKONOSZE&#8221;<br \/>\n59-700 Boles\u0142awiec, ul. \u0141asicka 21<\/p>\n<p>NIP 612-15-87-125<\/p>\n<p>Nr konta (od 01.09.2024):<\/p>\n<h2>53 1090 1939 0000 0001 5907 5561<\/h2>\n<p>Numer KRS: 0000092173<\/p>\n<div id=\"fb-root\"><\/div><script src=\"http:\/\/connect.facebook.net\/pl_PL\/all.js#xfbml=1\"><\/script><fb:like href=\"https:\/\/mzbskarkonosze.pl\/?page_id=8\" send=\"true\" layout=\"standard\" width=\"450\" show_faces=\"true\" font=\"arial\" action=\"like\" colorscheme=\"dark\"><\/fb:like>","protected":false},"excerpt":{"rendered":"<p>Mi\u0119dzypowiatowy Zwi\u0105zek Bryd\u017ca Sportowego &#8222;KARKONOSZE&#8221; 59-700 Boles\u0142awiec, ul. \u0141asicka 21 NIP 612-15-87-125 Nr konta (od 01.09.2024): 53 1090 1939 0000 0001 5907 5561 Numer KRS: 0000092173<\/p>\n","protected":false},"author":2,"featured_media":0,"parent":0,"menu_order":0,"comment_status":"open","ping_status":"open","template":"","meta":[],"_links":{"self":[{"href":"https:\/\/mzbskarkonosze.pl\/index.php?rest_route=\/wp\/v2\/pages\/8"}],"collection":[{"href":"https:\/\/mzbskarkonosze.pl\/index.php?rest_route=\/wp\/v2\/pages"}],"about":[{"href":"https:\/\/mzbskarkonosze.pl\/index.php?rest_route=\/wp\/v2\/types\/page"}],"author":[{"embeddable":true,"href":"https:\/\/mzbskarkonosze.pl\/index.php?rest_route=\/wp\/v2\/users\/2"}],"replies":[{"embeddable":true,"href":"https:\/\/mzbskarkonosze.pl\/index.php?rest_route=%2Fwp%2Fv2%2Fcomments&post=8"}],"version-history":[{"count":5,"href":"https:\/\/mzbskarkonosze.pl\/index.php?rest_route=\/wp\/v2\/pages\/8\/revisions"}],"predecessor-version":[{"id":2968,"href":"https:\/\/mzbskarkonosze.pl\/index.php?rest_route=\/wp\/v2\/pages\/8\/revisions\/2968"}],"wp:attachment":[{"href":"https:\/\/mzbskarkonosze.pl\/index.php?rest_route=%2Fwp%2Fv2%2Fmedia&parent=8"}],"curies":[{"name":"wp","href":"https:\/\/api.w.org\/{rel}","templated":true}]}}